{"id":470,"date":"2020-06-26T08:43:03","date_gmt":"2020-06-26T08:43:03","guid":{"rendered":"https:\/\/marcobricola.com\/la-adquisicion-de-actividades-y-o-empresas-en-el-sector-turistico-y-de-la-hosteleria\/"},"modified":"2020-07-28T14:16:50","modified_gmt":"2020-07-28T14:16:50","slug":"lacquisizione-creazione-di-attivita-e-o-aziende-nel-settore-del-turismo-e-della-ristorazione","status":"publish","type":"page","link":"https:\/\/marcobricola.com\/it\/lacquisizione-creazione-di-attivita-e-o-aziende-nel-settore-del-turismo-e-della-ristorazione\/","title":{"rendered":"L&#8217;acquisizione\/creazione di attivit\u00e0 e \/ o aziende nel settore del turismo e della ristorazione"},"content":{"rendered":"[vc_row type=&#8221;full_width_content&#8221; full_screen_row_position=&#8221;middle&#8221; column_margin=&#8221;default&#8221; equal_height=&#8221;yes&#8221; content_placement=&#8221;middle&#8221; column_direction=&#8221;default&#8221; column_direction_tablet=&#8221;default&#8221; column_direction_phone=&#8221;default&#8221; bg_color=&#8221;#ffffff&#8221; scene_position=&#8221;center&#8221; text_color=&#8221;dark&#8221; text_align=&#8221;left&#8221; row_border_radius=&#8221;none&#8221; row_border_radius_applies=&#8221;bg&#8221; overlay_strength=&#8221;0.3&#8243; gradient_direction=&#8221;left_to_right&#8221; shape_divider_position=&#8221;bottom&#8221; bg_image_animation=&#8221;none&#8221; shape_type=&#8221;&#8221;][vc_column column_padding=&#8221;padding-5-percent&#8221; column_padding_tablet=&#8221;inherit&#8221; column_padding_phone=&#8221;inherit&#8221; column_padding_position=&#8221;all&#8221; background_color_opacity=&#8221;1&#8243; background_hover_color_opacity=&#8221;1&#8243; column_shadow=&#8221;none&#8221; column_border_radius=&#8221;none&#8221; column_link_target=&#8221;_self&#8221; gradient_direction=&#8221;left_to_right&#8221; overlay_strength=&#8221;0.3&#8243; width=&#8221;1\/2&#8243; tablet_width_inherit=&#8221;default&#8221; tablet_text_alignment=&#8221;default&#8221; phone_text_alignment=&#8221;default&#8221; column_border_width=&#8221;none&#8221; column_border_style=&#8221;solid&#8221; bg_image_animation=&#8221;none&#8221;][vc_row_inner column_margin=&#8221;default&#8221; column_direction=&#8221;default&#8221; column_direction_tablet=&#8221;default&#8221; column_direction_phone=&#8221;default&#8221; text_align=&#8221;left&#8221;][vc_column_inner column_padding=&#8221;no-extra-padding&#8221; column_padding_tablet=&#8221;inherit&#8221; column_padding_phone=&#8221;inherit&#8221; column_padding_position=&#8221;all&#8221; background_color_opacity=&#8221;1&#8243; background_hover_color_opacity=&#8221;1&#8243; column_shadow=&#8221;none&#8221; column_border_radius=&#8221;none&#8221; column_link_target=&#8221;_self&#8221; gradient_direction=&#8221;left_to_right&#8221; overlay_strength=&#8221;0.3&#8243; width=&#8221;1\/1&#8243; tablet_width_inherit=&#8221;default&#8221; column_border_width=&#8221;none&#8221; column_border_style=&#8221;solid&#8221; bg_image_animation=&#8221;none&#8221; enable_animation=&#8221;true&#8221; animation=&#8221;fade-in-from-bottom&#8221;][divider line_type=&#8221;No Line&#8221; custom_height=&#8221;50&#8243;][vc_column_text css=&#8221;.vc_custom_1594714607254{padding-right: 10% !important;}&#8221;]In questi casi, viene aggiunto l&#8217;esame della situazione legale e contabile dell&#8217;attivit\u00e0 o della societ\u00e0 oggetto dell&#8217;operazione, nonch\u00e9 lo studio delle prospettive per il suo sviluppo e redditivit\u00e0, delle normative applicabili e &#8211; con l&#8217;aiuto di ingegneri specializzati &#8211; degli aspetti pi\u00f9 tecnici in relazione alla situazione attuale e al possibile sviluppo futuro dell&#8217;attivit\u00e0.[\/vc_column_text][divider line_type=&#8221;No Line&#8221; custom_height=&#8221;50&#8243;][\/vc_column_inner][\/vc_row_inner][\/vc_column][vc_column column_padding=&#8221;no-extra-padding&#8221; column_padding_tablet=&#8221;inherit&#8221; column_padding_phone=&#8221;inherit&#8221; column_padding_position=&#8221;all&#8221; background_color_opacity=&#8221;1&#8243; background_hover_color_opacity=&#8221;1&#8243; background_image=&#8221;358&#8243; background_image_position=&#8221;center center&#8221; enable_bg_scale=&#8221;true&#8221; column_shadow=&#8221;none&#8221; column_border_radius=&#8221;none&#8221; column_link_target=&#8221;_self&#8221; gradient_direction=&#8221;left_to_right&#8221; overlay_strength=&#8221;0.3&#8243; width=&#8221;1\/2&#8243; tablet_width_inherit=&#8221;default&#8221; tablet_text_alignment=&#8221;default&#8221; phone_text_alignment=&#8221;default&#8221; column_border_width=&#8221;none&#8221; column_border_style=&#8221;solid&#8221; bg_image_animation=&#8221;none&#8221;][\/vc_column][\/vc_row]\n","protected":false},"excerpt":{"rendered":"<p>[vc_row type=&#8221;full_width_content&#8221; full_screen_row_position=&#8221;middle&#8221; column_margin=&#8221;default&#8221; equal_height=&#8221;yes&#8221; content_placement=&#8221;middle&#8221; column_direction=&#8221;default&#8221; column_direction_tablet=&#8221;default&#8221; column_direction_phone=&#8221;default&#8221; bg_color=&#8221;#ffffff&#8221; scene_position=&#8221;center&#8221; text_color=&#8221;dark&#8221; text_align=&#8221;left&#8221; row_border_radius=&#8221;none&#8221; row_border_radius_applies=&#8221;bg&#8221; overlay_strength=&#8221;0.3&#8243; gradient_direction=&#8221;left_to_right&#8221; shape_divider_position=&#8221;bottom&#8221; bg_image_animation=&#8221;none&#8221; shape_type=&#8221;&#8221;][vc_column column_padding=&#8221;padding-5-percent&#8221; column_padding_tablet=&#8221;inherit&#8221; column_padding_phone=&#8221;inherit&#8221; column_padding_position=&#8221;all&#8221; background_color_opacity=&#8221;1&#8243; background_hover_color_opacity=&#8221;1&#8243; column_shadow=&#8221;none&#8221; column_border_radius=&#8221;none&#8221; column_link_target=&#8221;_self&#8221; gradient_direction=&#8221;left_to_right&#8221;&#8230;<\/p>\n","protected":false},"author":1,"featured_media":0,"parent":0,"menu_order":0,"comment_status":"closed","ping_status":"closed","template":"","meta":[],"yoast_head":"<!-- This site is optimized with the Yoast SEO plugin v18.7 - https:\/\/yoast.com\/wordpress\/plugins\/seo\/ -->\n<title>Acquisizione di imprese \u27a4 Marco Bricola: Diritto immobiliare<\/title>\n<meta name=\"description\" content=\"Vuoi conoscere le normative applicabili sugli aspetti tecnici della situazione attuale e futura dell&#039;attivit\u00e0? Contattaci e ti aiuteremo.\" \/>\n<meta name=\"robots\" content=\"index, follow, max-snippet:-1, max-image-preview:large, max-video-preview:-1\" \/>\n<link rel=\"canonical\" href=\"https:\/\/marcobricola.com\/it\/lacquisizione-creazione-di-attivita-e-o-aziende-nel-settore-del-turismo-e-della-ristorazione\/\" \/>\n<meta property=\"og:locale\" content=\"it_IT\" \/>\n<meta property=\"og:type\" content=\"article\" \/>\n<meta property=\"og:title\" content=\"Acquisizione di imprese \u27a4 Marco Bricola: Diritto immobiliare\" \/>\n<meta property=\"og:description\" content=\"Vuoi conoscere le normative applicabili sugli aspetti tecnici della situazione attuale e futura dell&#039;attivit\u00e0? Contattaci e ti aiuteremo.\" \/>\n<meta property=\"og:url\" content=\"https:\/\/marcobricola.com\/it\/lacquisizione-creazione-di-attivita-e-o-aziende-nel-settore-del-turismo-e-della-ristorazione\/\" \/>\n<meta property=\"og:site_name\" content=\"Marco Bricola\" \/>\n<meta property=\"article:modified_time\" content=\"2020-07-28T14:16:50+00:00\" \/>\n<meta name=\"twitter:card\" content=\"summary_large_image\" \/>\n<meta name=\"twitter:label1\" content=\"Tempo di lettura stimato\" \/>\n\t<meta name=\"twitter:data1\" content=\"2 minuti\" \/>\n<script type=\"application\/ld+json\" class=\"yoast-schema-graph\">{\"@context\":\"https:\/\/schema.org\",\"@graph\":[{\"@type\":\"WebSite\",\"@id\":\"https:\/\/marcobricola.com\/it\/#website\",\"url\":\"https:\/\/marcobricola.com\/it\/\",\"name\":\"Marco Bricola\",\"description\":\"Real Estate Lawyer en Mallorca, Ibiza, Menorca y Formentera\",\"potentialAction\":[{\"@type\":\"SearchAction\",\"target\":{\"@type\":\"EntryPoint\",\"urlTemplate\":\"https:\/\/marcobricola.com\/it\/?s={search_term_string}\"},\"query-input\":\"required name=search_term_string\"}],\"inLanguage\":\"it-IT\"},{\"@type\":\"WebPage\",\"@id\":\"https:\/\/marcobricola.com\/it\/lacquisizione-creazione-di-attivita-e-o-aziende-nel-settore-del-turismo-e-della-ristorazione\/#webpage\",\"url\":\"https:\/\/marcobricola.com\/it\/lacquisizione-creazione-di-attivita-e-o-aziende-nel-settore-del-turismo-e-della-ristorazione\/\",\"name\":\"Acquisizione di imprese \u27a4 Marco Bricola: Diritto immobiliare\",\"isPartOf\":{\"@id\":\"https:\/\/marcobricola.com\/it\/#website\"},\"datePublished\":\"2020-06-26T08:43:03+00:00\",\"dateModified\":\"2020-07-28T14:16:50+00:00\",\"description\":\"Vuoi conoscere le normative applicabili sugli aspetti tecnici della situazione attuale e futura dell'attivit\u00e0? Contattaci e ti aiuteremo.\",\"breadcrumb\":{\"@id\":\"https:\/\/marcobricola.com\/it\/lacquisizione-creazione-di-attivita-e-o-aziende-nel-settore-del-turismo-e-della-ristorazione\/#breadcrumb\"},\"inLanguage\":\"it-IT\",\"potentialAction\":[{\"@type\":\"ReadAction\",\"target\":[\"https:\/\/marcobricola.com\/it\/lacquisizione-creazione-di-attivita-e-o-aziende-nel-settore-del-turismo-e-della-ristorazione\/\"]}]},{\"@type\":\"BreadcrumbList\",\"@id\":\"https:\/\/marcobricola.com\/it\/lacquisizione-creazione-di-attivita-e-o-aziende-nel-settore-del-turismo-e-della-ristorazione\/#breadcrumb\",\"itemListElement\":[{\"@type\":\"ListItem\",\"position\":1,\"name\":\"Portada\",\"item\":\"https:\/\/marcobricola.com\/it\/\"},{\"@type\":\"ListItem\",\"position\":2,\"name\":\"L&#8217;acquisizione\/creazione di attivit\u00e0 e \/ o aziende nel settore del turismo e della ristorazione\"}]}]}<\/script>\n<!-- \/ Yoast SEO plugin. -->","yoast_head_json":{"title":"Acquisizione di imprese \u27a4 Marco Bricola: Diritto immobiliare","description":"Vuoi conoscere le normative applicabili sugli aspetti tecnici della situazione attuale e futura dell'attivit\u00e0? Contattaci e ti aiuteremo.","robots":{"index":"index","follow":"follow","max-snippet":"max-snippet:-1","max-image-preview":"max-image-preview:large","max-video-preview":"max-video-preview:-1"},"canonical":"https:\/\/marcobricola.com\/it\/lacquisizione-creazione-di-attivita-e-o-aziende-nel-settore-del-turismo-e-della-ristorazione\/","og_locale":"it_IT","og_type":"article","og_title":"Acquisizione di imprese \u27a4 Marco Bricola: Diritto immobiliare","og_description":"Vuoi conoscere le normative applicabili sugli aspetti tecnici della situazione attuale e futura dell'attivit\u00e0? Contattaci e ti aiuteremo.","og_url":"https:\/\/marcobricola.com\/it\/lacquisizione-creazione-di-attivita-e-o-aziende-nel-settore-del-turismo-e-della-ristorazione\/","og_site_name":"Marco Bricola","article_modified_time":"2020-07-28T14:16:50+00:00","twitter_card":"summary_large_image","twitter_misc":{"Tempo di lettura stimato":"2 minuti"},"schema":{"@context":"https:\/\/schema.org","@graph":[{"@type":"WebSite","@id":"https:\/\/marcobricola.com\/it\/#website","url":"https:\/\/marcobricola.com\/it\/","name":"Marco Bricola","description":"Real Estate Lawyer en Mallorca, Ibiza, Menorca y Formentera","potentialAction":[{"@type":"SearchAction","target":{"@type":"EntryPoint","urlTemplate":"https:\/\/marcobricola.com\/it\/?s={search_term_string}"},"query-input":"required name=search_term_string"}],"inLanguage":"it-IT"},{"@type":"WebPage","@id":"https:\/\/marcobricola.com\/it\/lacquisizione-creazione-di-attivita-e-o-aziende-nel-settore-del-turismo-e-della-ristorazione\/#webpage","url":"https:\/\/marcobricola.com\/it\/lacquisizione-creazione-di-attivita-e-o-aziende-nel-settore-del-turismo-e-della-ristorazione\/","name":"Acquisizione di imprese \u27a4 Marco Bricola: Diritto immobiliare","isPartOf":{"@id":"https:\/\/marcobricola.com\/it\/#website"},"datePublished":"2020-06-26T08:43:03+00:00","dateModified":"2020-07-28T14:16:50+00:00","description":"Vuoi conoscere le normative applicabili sugli aspetti tecnici della situazione attuale e futura dell'attivit\u00e0? Contattaci e ti aiuteremo.","breadcrumb":{"@id":"https:\/\/marcobricola.com\/it\/lacquisizione-creazione-di-attivita-e-o-aziende-nel-settore-del-turismo-e-della-ristorazione\/#breadcrumb"},"inLanguage":"it-IT","potentialAction":[{"@type":"ReadAction","target":["https:\/\/marcobricola.com\/it\/lacquisizione-creazione-di-attivita-e-o-aziende-nel-settore-del-turismo-e-della-ristorazione\/"]}]},{"@type":"BreadcrumbList","@id":"https:\/\/marcobricola.com\/it\/lacquisizione-creazione-di-attivita-e-o-aziende-nel-settore-del-turismo-e-della-ristorazione\/#breadcrumb","itemListElement":[{"@type":"ListItem","position":1,"name":"Portada","item":"https:\/\/marcobricola.com\/it\/"},{"@type":"ListItem","position":2,"name":"L&#8217;acquisizione\/creazione di attivit\u00e0 e \/ o aziende nel settore del turismo e della ristorazione"}]}]}},"_links":{"self":[{"href":"https:\/\/marcobricola.com\/it\/wp-json\/wp\/v2\/pages\/470"}],"collection":[{"href":"https:\/\/marcobricola.com\/it\/wp-json\/wp\/v2\/pages"}],"about":[{"href":"https:\/\/marcobricola.com\/it\/wp-json\/wp\/v2\/types\/page"}],"author":[{"embeddable":true,"href":"https:\/\/marcobricola.com\/it\/wp-json\/wp\/v2\/users\/1"}],"replies":[{"embeddable":true,"href":"https:\/\/marcobricola.com\/it\/wp-json\/wp\/v2\/comments?post=470"}],"version-history":[{"count":1,"href":"https:\/\/marcobricola.com\/it\/wp-json\/wp\/v2\/pages\/470\/revisions"}],"predecessor-version":[{"id":472,"href":"https:\/\/marcobricola.com\/it\/wp-json\/wp\/v2\/pages\/470\/revisions\/472"}],"wp:attachment":[{"href":"https:\/\/marcobricola.com\/it\/wp-json\/wp\/v2\/media?parent=470"}],"curies":[{"name":"wp","href":"https:\/\/api.w.org\/{rel}","templated":true}]}}