{"id":464,"date":"2020-05-13T17:08:55","date_gmt":"2020-05-13T17:08:55","guid":{"rendered":"https:\/\/marcobricola.com\/la-compra-de-propiedades-inmobiliarias\/"},"modified":"2020-07-28T14:15:12","modified_gmt":"2020-07-28T14:15:12","slug":"lacquisto-di-proprieta-immobiliari","status":"publish","type":"page","link":"https:\/\/marcobricola.com\/it\/lacquisto-di-proprieta-immobiliari\/","title":{"rendered":"L&#8217;acquisto di propriet\u00e0 immobiliari"},"content":{"rendered":"[vc_row type=&#8221;full_width_content&#8221; full_screen_row_position=&#8221;middle&#8221; column_margin=&#8221;default&#8221; equal_height=&#8221;yes&#8221; content_placement=&#8221;middle&#8221; column_direction=&#8221;default&#8221; column_direction_tablet=&#8221;default&#8221; column_direction_phone=&#8221;default&#8221; bg_color=&#8221;#ffffff&#8221; scene_position=&#8221;center&#8221; text_color=&#8221;dark&#8221; text_align=&#8221;left&#8221; row_border_radius=&#8221;none&#8221; row_border_radius_applies=&#8221;bg&#8221; overlay_strength=&#8221;0.3&#8243; gradient_direction=&#8221;left_to_right&#8221; shape_divider_position=&#8221;bottom&#8221; bg_image_animation=&#8221;none&#8221; shape_type=&#8221;&#8221;][vc_column column_padding=&#8221;padding-5-percent&#8221; column_padding_tablet=&#8221;inherit&#8221; column_padding_phone=&#8221;inherit&#8221; column_padding_position=&#8221;all&#8221; background_color_opacity=&#8221;1&#8243; background_hover_color_opacity=&#8221;1&#8243; column_shadow=&#8221;none&#8221; column_border_radius=&#8221;none&#8221; column_link_target=&#8221;_self&#8221; gradient_direction=&#8221;left_to_right&#8221; overlay_strength=&#8221;0.3&#8243; width=&#8221;1\/2&#8243; tablet_width_inherit=&#8221;default&#8221; tablet_text_alignment=&#8221;default&#8221; phone_text_alignment=&#8221;default&#8221; column_border_width=&#8221;none&#8221; column_border_style=&#8221;solid&#8221; bg_image_animation=&#8221;none&#8221;][vc_row_inner column_margin=&#8221;default&#8221; column_direction=&#8221;default&#8221; column_direction_tablet=&#8221;default&#8221; column_direction_phone=&#8221;default&#8221; text_align=&#8221;left&#8221;][vc_column_inner column_padding=&#8221;no-extra-padding&#8221; column_padding_tablet=&#8221;inherit&#8221; column_padding_phone=&#8221;inherit&#8221; column_padding_position=&#8221;all&#8221; background_color_opacity=&#8221;1&#8243; background_hover_color_opacity=&#8221;1&#8243; column_shadow=&#8221;none&#8221; column_border_radius=&#8221;none&#8221; column_link_target=&#8221;_self&#8221; gradient_direction=&#8221;left_to_right&#8221; overlay_strength=&#8221;0.3&#8243; width=&#8221;1\/1&#8243; tablet_width_inherit=&#8221;default&#8221; column_border_width=&#8221;none&#8221; column_border_style=&#8221;solid&#8221; bg_image_animation=&#8221;none&#8221; enable_animation=&#8221;true&#8221; animation=&#8221;fade-in-from-bottom&#8221;][vc_column_text css=&#8221;.vc_custom_1594714477433{padding-right: 10% !important;}&#8221;]Innanzitutto, vengono effettuati tutti i controlli necessari affinch\u00e9 l&#8217;acquisto venga eseguito in totale sicurezza e con tutte le garanzie e le informazioni necessarie affinch\u00e8 il cliente possa prendere la decisione di procedere con l&#8217;investimento.<\/p>\n<p>Ci\u00f2 ricomprende un&#8217;indagine dettagliata e il relativo parere professionale sulla propriet\u00e0 e sulla sua situazione legale e urbanistica.<\/p>\n<p>In relazione alla situazione urbanistica, in caso vengano riscontrate irregolarit\u00e0 vengono studiate le possibilit\u00e0 di legalizzazione della propriet\u00e0 in collaborazione con architetti di riconosciuta esperienza.<\/p>\n<p>Il cliente viene inoltre informato sul possibile sviluppo futuro dell\u2019immobile (ristrutturazione, ampliamento). Nel caso di terreni edificabili ci\u00f2 ricomprende un parere legale e tecnico sulle possibilit\u00e0 di costruzione.<\/p>\n<p>Particolare attenzione viene dedicata alle prospettive di messa a reddito dell\u2019immobile, informando il cliente sulla normativa locale in materia di affitti turistici e residenziali.[\/vc_column_text][\/vc_column_inner][\/vc_row_inner][\/vc_column][vc_column column_padding=&#8221;no-extra-padding&#8221; column_padding_tablet=&#8221;inherit&#8221; column_padding_phone=&#8221;inherit&#8221; column_padding_position=&#8221;all&#8221; background_color_opacity=&#8221;1&#8243; background_hover_color_opacity=&#8221;1&#8243; background_image=&#8221;309&#8243; background_image_position=&#8221;center center&#8221; enable_bg_scale=&#8221;true&#8221; column_shadow=&#8221;none&#8221; column_border_radius=&#8221;none&#8221; column_link_target=&#8221;_self&#8221; gradient_direction=&#8221;left_to_right&#8221; overlay_strength=&#8221;0.3&#8243; width=&#8221;1\/2&#8243; tablet_width_inherit=&#8221;default&#8221; tablet_text_alignment=&#8221;default&#8221; phone_text_alignment=&#8221;default&#8221; column_border_width=&#8221;none&#8221; column_border_style=&#8221;solid&#8221; bg_image_animation=&#8221;none&#8221;][\/vc_column][\/vc_row][vc_row type=&#8221;full_width_content&#8221; full_screen_row_position=&#8221;middle&#8221; column_margin=&#8221;default&#8221; equal_height=&#8221;yes&#8221; content_placement=&#8221;middle&#8221; column_direction=&#8221;default&#8221; column_direction_tablet=&#8221;default&#8221; column_direction_phone=&#8221;default&#8221; bg_color=&#8221;#ffffff&#8221; scene_position=&#8221;center&#8221; text_color=&#8221;dark&#8221; text_align=&#8221;left&#8221; row_border_radius=&#8221;none&#8221; row_border_radius_applies=&#8221;bg&#8221; overlay_strength=&#8221;0.3&#8243; gradient_direction=&#8221;left_to_right&#8221; shape_divider_position=&#8221;bottom&#8221; bg_image_animation=&#8221;none&#8221; shape_type=&#8221;&#8221;][vc_column column_padding=&#8221;no-extra-padding&#8221; column_padding_tablet=&#8221;inherit&#8221; column_padding_phone=&#8221;inherit&#8221; column_padding_position=&#8221;all&#8221; background_color_opacity=&#8221;1&#8243; background_hover_color_opacity=&#8221;1&#8243; background_image=&#8221;355&#8243; background_image_position=&#8221;center center&#8221; enable_bg_scale=&#8221;true&#8221; column_shadow=&#8221;none&#8221; column_border_radius=&#8221;none&#8221; column_link_target=&#8221;_self&#8221; gradient_direction=&#8221;left_to_right&#8221; overlay_strength=&#8221;0.3&#8243; width=&#8221;1\/2&#8243; tablet_width_inherit=&#8221;default&#8221; tablet_text_alignment=&#8221;default&#8221; phone_text_alignment=&#8221;default&#8221; column_border_width=&#8221;none&#8221; column_border_style=&#8221;solid&#8221; bg_image_animation=&#8221;none&#8221; offset=&#8221;vc_hidden-sm vc_hidden-xs&#8221;][\/vc_column][vc_column column_padding=&#8221;padding-5-percent&#8221; column_padding_tablet=&#8221;inherit&#8221; column_padding_phone=&#8221;inherit&#8221; column_padding_position=&#8221;all&#8221; background_color_opacity=&#8221;1&#8243; background_hover_color_opacity=&#8221;1&#8243; column_shadow=&#8221;none&#8221; column_border_radius=&#8221;none&#8221; column_link_target=&#8221;_self&#8221; gradient_direction=&#8221;left_to_right&#8221; overlay_strength=&#8221;0.3&#8243; width=&#8221;1\/2&#8243; tablet_width_inherit=&#8221;default&#8221; tablet_text_alignment=&#8221;default&#8221; phone_text_alignment=&#8221;default&#8221; column_border_width=&#8221;none&#8221; column_border_style=&#8221;solid&#8221; bg_image_animation=&#8221;none&#8221;][vc_row_inner column_margin=&#8221;default&#8221; column_direction=&#8221;default&#8221; column_direction_tablet=&#8221;default&#8221; column_direction_phone=&#8221;default&#8221; text_align=&#8221;left&#8221;][vc_column_inner column_padding=&#8221;no-extra-padding&#8221; column_padding_tablet=&#8221;inherit&#8221; column_padding_phone=&#8221;inherit&#8221; column_padding_position=&#8221;all&#8221; background_color_opacity=&#8221;1&#8243; background_hover_color_opacity=&#8221;1&#8243; column_shadow=&#8221;none&#8221; column_border_radius=&#8221;none&#8221; column_link_target=&#8221;_self&#8221; gradient_direction=&#8221;left_to_right&#8221; overlay_strength=&#8221;0.3&#8243; width=&#8221;1\/1&#8243; tablet_width_inherit=&#8221;default&#8221; column_border_width=&#8221;none&#8221; column_border_style=&#8221;solid&#8221; bg_image_animation=&#8221;none&#8221; enable_animation=&#8221;true&#8221; animation=&#8221;fade-in-from-bottom&#8221;][vc_column_text css=&#8221;.vc_custom_1594714485922{padding-right: 10% !important;}&#8221;]In collaborazione con uno studio di fiscalisti di riconosciuta esperienza, vengono fornite informazioni specifiche e dettagliate su tutti gli aspetti fiscali dell&#8217;operazione di investimento, compresgli obblighi \u00a0tributari sia a livello locale che nazionale successivi all\u2019acquisto.<\/p>\n<p>Le modalit\u00e0 e il percorso per procedere all&#8217;acquisto viene studiato insieme al cliente, assistendolo nell\u2019eventuale costituzione di societ\u00e0 commerciali, nonch\u00e9 in relazione all&#8217;operativit\u00e0 in Spagna di societ\u00e0 straniere.<\/p>\n<p>Marco Bricola \u00e8 anche responsabile di tutti gli atti preparatori, dall&#8217;ottenimento del NIE nel caso di stranieri, alla gestione dei contatti con le banche locali allo scopo di aprire conti correnti e ricorrere al finanziamento bancario, della predisposizione di proposte di acquisto, documenti di riserva e documenti o contratti preliminari, alla collaborazione con il notaio nella preparazione di tutti i documenti necessari per la formalizzazione dell\u2019acquisto.<\/p>\n<p>Marco Bricola accompagna il cliente in ogni momento, fino alla firma dell&#8217;atto di compravendita e, laddove necessario, del mutuo ipotecario e si fa carico della liquidazione dei costi dell&#8217;operazione, nonch\u00e9 del pagamento delle imposte ad essa correlate, portando a termine tutti gli adempimenti necessari fino alla registrazione definitiva del titolo di propriet\u00e0.[\/vc_column_text][\/vc_column_inner][\/vc_row_inner][\/vc_column][\/vc_row]\n","protected":false},"excerpt":{"rendered":"<p>[vc_row type=&#8221;full_width_content&#8221; full_screen_row_position=&#8221;middle&#8221; column_margin=&#8221;default&#8221; equal_height=&#8221;yes&#8221; content_placement=&#8221;middle&#8221; column_direction=&#8221;default&#8221; column_direction_tablet=&#8221;default&#8221; column_direction_phone=&#8221;default&#8221; bg_color=&#8221;#ffffff&#8221; scene_position=&#8221;center&#8221; text_color=&#8221;dark&#8221; text_align=&#8221;left&#8221; row_border_radius=&#8221;none&#8221; row_border_radius_applies=&#8221;bg&#8221; overlay_strength=&#8221;0.3&#8243; gradient_direction=&#8221;left_to_right&#8221; shape_divider_position=&#8221;bottom&#8221; bg_image_animation=&#8221;none&#8221; shape_type=&#8221;&#8221;][vc_column column_padding=&#8221;padding-5-percent&#8221; column_padding_tablet=&#8221;inherit&#8221; column_padding_phone=&#8221;inherit&#8221; column_padding_position=&#8221;all&#8221; background_color_opacity=&#8221;1&#8243; background_hover_color_opacity=&#8221;1&#8243; column_shadow=&#8221;none&#8221; column_border_radius=&#8221;none&#8221; column_link_target=&#8221;_self&#8221; gradient_direction=&#8221;left_to_right&#8221;&#8230;<\/p>\n","protected":false},"author":1,"featured_media":0,"parent":0,"menu_order":0,"comment_status":"closed","ping_status":"closed","template":"","meta":[],"yoast_head":"<!-- This site is optimized with the Yoast SEO plugin v18.7 - https:\/\/yoast.com\/wordpress\/plugins\/seo\/ -->\n<title>Acquisto di beni immobili \u27a4 Marco Bricola: Diritto immobiliare<\/title>\n<meta name=\"description\" content=\"Studiamo con te il modo migliore per procedere all&#039;acquisto di immobili. Ci occupiamo anche di tutti gli eventi preparatori. Contattaci telefonicamente\" \/>\n<meta name=\"robots\" content=\"index, follow, max-snippet:-1, max-image-preview:large, max-video-preview:-1\" \/>\n<link rel=\"canonical\" href=\"https:\/\/marcobricola.com\/it\/lacquisto-di-proprieta-immobiliari\/\" \/>\n<meta property=\"og:locale\" content=\"it_IT\" \/>\n<meta property=\"og:type\" content=\"article\" \/>\n<meta property=\"og:title\" content=\"Acquisto di beni immobili \u27a4 Marco Bricola: Diritto immobiliare\" \/>\n<meta property=\"og:description\" content=\"Studiamo con te il modo migliore per procedere all&#039;acquisto di immobili. Ci occupiamo anche di tutti gli eventi preparatori. Contattaci telefonicamente\" \/>\n<meta property=\"og:url\" content=\"https:\/\/marcobricola.com\/it\/lacquisto-di-proprieta-immobiliari\/\" \/>\n<meta property=\"og:site_name\" content=\"Marco Bricola\" \/>\n<meta property=\"article:modified_time\" content=\"2020-07-28T14:15:12+00:00\" \/>\n<meta name=\"twitter:card\" content=\"summary_large_image\" \/>\n<meta name=\"twitter:label1\" content=\"Tempo di lettura stimato\" \/>\n\t<meta name=\"twitter:data1\" content=\"5 minuti\" \/>\n<script type=\"application\/ld+json\" class=\"yoast-schema-graph\">{\"@context\":\"https:\/\/schema.org\",\"@graph\":[{\"@type\":\"WebSite\",\"@id\":\"https:\/\/marcobricola.com\/it\/#website\",\"url\":\"https:\/\/marcobricola.com\/it\/\",\"name\":\"Marco Bricola\",\"description\":\"Real Estate Lawyer en Mallorca, Ibiza, Menorca y Formentera\",\"potentialAction\":[{\"@type\":\"SearchAction\",\"target\":{\"@type\":\"EntryPoint\",\"urlTemplate\":\"https:\/\/marcobricola.com\/it\/?s={search_term_string}\"},\"query-input\":\"required name=search_term_string\"}],\"inLanguage\":\"it-IT\"},{\"@type\":\"WebPage\",\"@id\":\"https:\/\/marcobricola.com\/it\/lacquisto-di-proprieta-immobiliari\/#webpage\",\"url\":\"https:\/\/marcobricola.com\/it\/lacquisto-di-proprieta-immobiliari\/\",\"name\":\"Acquisto di beni immobili \u27a4 Marco Bricola: Diritto immobiliare\",\"isPartOf\":{\"@id\":\"https:\/\/marcobricola.com\/it\/#website\"},\"datePublished\":\"2020-05-13T17:08:55+00:00\",\"dateModified\":\"2020-07-28T14:15:12+00:00\",\"description\":\"Studiamo con te il modo migliore per procedere all'acquisto di immobili. Ci occupiamo anche di tutti gli eventi preparatori. Contattaci telefonicamente\",\"breadcrumb\":{\"@id\":\"https:\/\/marcobricola.com\/it\/lacquisto-di-proprieta-immobiliari\/#breadcrumb\"},\"inLanguage\":\"it-IT\",\"potentialAction\":[{\"@type\":\"ReadAction\",\"target\":[\"https:\/\/marcobricola.com\/it\/lacquisto-di-proprieta-immobiliari\/\"]}]},{\"@type\":\"BreadcrumbList\",\"@id\":\"https:\/\/marcobricola.com\/it\/lacquisto-di-proprieta-immobiliari\/#breadcrumb\",\"itemListElement\":[{\"@type\":\"ListItem\",\"position\":1,\"name\":\"Portada\",\"item\":\"https:\/\/marcobricola.com\/it\/\"},{\"@type\":\"ListItem\",\"position\":2,\"name\":\"L&#8217;acquisto di propriet\u00e0 immobiliari\"}]}]}<\/script>\n<!-- \/ Yoast SEO plugin. -->","yoast_head_json":{"title":"Acquisto di beni immobili \u27a4 Marco Bricola: Diritto immobiliare","description":"Studiamo con te il modo migliore per procedere all'acquisto di immobili. Ci occupiamo anche di tutti gli eventi preparatori. Contattaci telefonicamente","robots":{"index":"index","follow":"follow","max-snippet":"max-snippet:-1","max-image-preview":"max-image-preview:large","max-video-preview":"max-video-preview:-1"},"canonical":"https:\/\/marcobricola.com\/it\/lacquisto-di-proprieta-immobiliari\/","og_locale":"it_IT","og_type":"article","og_title":"Acquisto di beni immobili \u27a4 Marco Bricola: Diritto immobiliare","og_description":"Studiamo con te il modo migliore per procedere all'acquisto di immobili. Ci occupiamo anche di tutti gli eventi preparatori. Contattaci telefonicamente","og_url":"https:\/\/marcobricola.com\/it\/lacquisto-di-proprieta-immobiliari\/","og_site_name":"Marco Bricola","article_modified_time":"2020-07-28T14:15:12+00:00","twitter_card":"summary_large_image","twitter_misc":{"Tempo di lettura stimato":"5 minuti"},"schema":{"@context":"https:\/\/schema.org","@graph":[{"@type":"WebSite","@id":"https:\/\/marcobricola.com\/it\/#website","url":"https:\/\/marcobricola.com\/it\/","name":"Marco Bricola","description":"Real Estate Lawyer en Mallorca, Ibiza, Menorca y Formentera","potentialAction":[{"@type":"SearchAction","target":{"@type":"EntryPoint","urlTemplate":"https:\/\/marcobricola.com\/it\/?s={search_term_string}"},"query-input":"required name=search_term_string"}],"inLanguage":"it-IT"},{"@type":"WebPage","@id":"https:\/\/marcobricola.com\/it\/lacquisto-di-proprieta-immobiliari\/#webpage","url":"https:\/\/marcobricola.com\/it\/lacquisto-di-proprieta-immobiliari\/","name":"Acquisto di beni immobili \u27a4 Marco Bricola: Diritto immobiliare","isPartOf":{"@id":"https:\/\/marcobricola.com\/it\/#website"},"datePublished":"2020-05-13T17:08:55+00:00","dateModified":"2020-07-28T14:15:12+00:00","description":"Studiamo con te il modo migliore per procedere all'acquisto di immobili. Ci occupiamo anche di tutti gli eventi preparatori. Contattaci telefonicamente","breadcrumb":{"@id":"https:\/\/marcobricola.com\/it\/lacquisto-di-proprieta-immobiliari\/#breadcrumb"},"inLanguage":"it-IT","potentialAction":[{"@type":"ReadAction","target":["https:\/\/marcobricola.com\/it\/lacquisto-di-proprieta-immobiliari\/"]}]},{"@type":"BreadcrumbList","@id":"https:\/\/marcobricola.com\/it\/lacquisto-di-proprieta-immobiliari\/#breadcrumb","itemListElement":[{"@type":"ListItem","position":1,"name":"Portada","item":"https:\/\/marcobricola.com\/it\/"},{"@type":"ListItem","position":2,"name":"L&#8217;acquisto di propriet\u00e0 immobiliari"}]}]}},"_links":{"self":[{"href":"https:\/\/marcobricola.com\/it\/wp-json\/wp\/v2\/pages\/464"}],"collection":[{"href":"https:\/\/marcobricola.com\/it\/wp-json\/wp\/v2\/pages"}],"about":[{"href":"https:\/\/marcobricola.com\/it\/wp-json\/wp\/v2\/types\/page"}],"author":[{"embeddable":true,"href":"https:\/\/marcobricola.com\/it\/wp-json\/wp\/v2\/users\/1"}],"replies":[{"embeddable":true,"href":"https:\/\/marcobricola.com\/it\/wp-json\/wp\/v2\/comments?post=464"}],"version-history":[{"count":1,"href":"https:\/\/marcobricola.com\/it\/wp-json\/wp\/v2\/pages\/464\/revisions"}],"predecessor-version":[{"id":468,"href":"https:\/\/marcobricola.com\/it\/wp-json\/wp\/v2\/pages\/464\/revisions\/468"}],"wp:attachment":[{"href":"https:\/\/marcobricola.com\/it\/wp-json\/wp\/v2\/media?parent=464"}],"curies":[{"name":"wp","href":"https:\/\/api.w.org\/{rel}","templated":true}]}}