{"id":377,"date":"2020-06-26T08:53:43","date_gmt":"2020-06-26T08:53:43","guid":{"rendered":"https:\/\/marcobricola.com\/?page_id=377"},"modified":"2025-05-26T08:03:06","modified_gmt":"2025-05-26T08:03:06","slug":"politica-de-cookies","status":"publish","type":"page","link":"https:\/\/marcobricola.com\/es\/politica-de-cookies\/","title":{"rendered":"Pol\u00edtica de Cookies"},"content":{"rendered":"<p>Conforme a lo dispuesto en el art\u00edculo 22.2 de la Ley 34\/2002, de 11 de julio, de Servicios de la Sociedad de la Informaci\u00f3n y de Comercio Electr\u00f3nico (LSSI-CE) vigente, MARCO BRICOLA debe cumplir con la obligaci\u00f3n de informar sobre las cookies que utiliza y sus finalidades. Este sitio web utiliza cookies y\/o tecnolog\u00edas similares que almacenan y recuperan informaci\u00f3n cuando navegas. Las cookies permiten a una p\u00e1gina web, entre otras cosas, almacenar y recuperar informaci\u00f3n sobre los h\u00e1bitos de navegaci\u00f3n de un Usuario o de su equipo y, dependiendo de la informaci\u00f3n que contenga y de la forma en que utilice su equipo, pueden utilizarse para reconocer al Usuario. Las cookies son esenciales para el funcionamiento de internet, aportando innumerables ventajas en la prestaci\u00f3n de servicios interactivos, facilit\u00e1ndole al Usuario la navegaci\u00f3n y usabilidad de nuestra web. El usuario puede modificar la configuraci\u00f3n personalizada AQU\u00cd. La informaci\u00f3n que le proporcionamos a continuaci\u00f3n le ayudar\u00e1 a comprender los diferentes tipos de cookies: TIPOS DE COOKIES<br \/>\nSEG\u00daN LA ENTIDAD QUE LAS GESTIONE<br \/>\nCOOKIES PROPIAS<br \/>\nSon aquellas que se env\u00edan al equipo terminal del usuario desde un equipo o dominio gestionado por el propio editor y desde el que se presta el servicio solicitado por el usuario.<br \/>\nCOOKIES DE TERCERO<br \/>\nSon aquellas que se env\u00edan al equipo terminal del usuario desde un equipo o dominio que no es gestionado por el editor, sino por otra entidad que trata los datos obtenidos a trav\u00e9s de las cookies.<br \/>\nSEG\u00daN EL PLAZO DE TIEMPO QUE PERMANEZCAN ACTIVADAS<br \/>\nCOOKIES DE SESI\u00d3N<br \/>\nSon aquellas dise\u00f1adas para recabar y almacenar datos mientras el usuario accede a una p\u00e1gina web. Se suelen emplear para almacenar informaci\u00f3n que solo interesa conservar para la prestaci\u00f3n del servicio solicitado por el usuario en una sola ocasi\u00f3n (por ejemplo, una lista de productos adquiridos) y desaparecen al terminar la sesi\u00f3n.<br \/>\nCOOKIES PERSISTENTES<br \/>\nSon aquellas en las que los datos siguen almacenados en el terminal y pueden ser accedidos y tratados durante un periodo definido por el responsable de la cookie, y que puede ir de unos minutos a varios a\u00f1os.<br \/>\nSEG\u00daN SU FINALIDAD<br \/>\nCOOKIES T\u00c9CNICAS<br \/>\nSon aquellas que permiten al usuario la navegaci\u00f3n a trav\u00e9s de una p\u00e1gina web, plataforma o aplicaci\u00f3n y la utilizaci\u00f3n de las diferentes opciones o servicios que en ella existan<br \/>\nCOOKIES DE PERSONALIZACI\u00d3N<br \/>\nPermiten aplicar caracter\u00edsticas propias para la navegaci\u00f3n del usuario por el website (Ej. idioma).<br \/>\nCOOKIES DE AN\u00c1LISIS<br \/>\nSon aquellas que permiten al responsable de estas el seguimiento y an\u00e1lisis del comportamiento de los usuarios de los sitios web a los que est\u00e1n vinculadas, incluida la cuantificaci\u00f3n de los impactos de los anuncios. La informaci\u00f3n recogida mediante este tipo de cookies se utiliza en la medici\u00f3n de la actividad de los sitios web, aplicaci\u00f3n o plataforma, con el fin de introducir mejoras en funci\u00f3n del an\u00e1lisis de los datos de uso que hacen los usuarios<br \/>\ndel servicio.<br \/>\nCOOKIES PUBLICITARIAS<br \/>\nPermiten al editor incluir en la p\u00e1gina web espacios publicitarios, seg\u00fan el contenido de la propia web.<br \/>\nCOOKIES DE PUBLICIDAD COMPORTAMENTAL<br \/>\nSon aquellas que almacenan informaci\u00f3n del comportamiento de los usuarios obtenida a trav\u00e9s de la observaci\u00f3n continuada de sus h\u00e1bitos de navegaci\u00f3n, lo que permite desarrollar un perfil espec\u00edfico para mostrar publicidad en funci\u00f3n del mismo.<br \/>\nAdicionalmente, MARCO BRICOLA informa de manera m\u00e1s detallada de las cookies que utiliza sus titulares, el uso o finalidad concreta, los plazos de conservaci\u00f3n, as\u00ed como de las posibles Transferencias Internacionales de datos de cada una de ellas utilizadas en nuestra p\u00e1gina web:<\/p>\n","protected":false},"excerpt":{"rendered":"<p>Conforme a lo dispuesto en el art\u00edculo 22.2 de la Ley 34\/2002, de 11 de julio, de Servicios de la Sociedad de la Informaci\u00f3n y de Comercio Electr\u00f3nico (LSSI-CE) vigente,&#8230;<\/p>\n","protected":false},"author":1,"featured_media":0,"parent":0,"menu_order":0,"comment_status":"closed","ping_status":"closed","template":"","meta":[],"yoast_head":"<!-- This site is optimized with the Yoast SEO plugin v18.7 - https:\/\/yoast.com\/wordpress\/plugins\/seo\/ -->\n<title>Pol\u00edtica de Cookies - Marco Bricola<\/title>\n<meta name=\"robots\" content=\"index, follow, max-snippet:-1, max-image-preview:large, max-video-preview:-1\" \/>\n<link rel=\"canonical\" href=\"https:\/\/marcobricola.com\/es\/politica-de-cookies\/\" \/>\n<meta property=\"og:locale\" content=\"es_ES\" \/>\n<meta property=\"og:type\" content=\"article\" \/>\n<meta property=\"og:title\" content=\"Pol\u00edtica de Cookies - Marco Bricola\" \/>\n<meta property=\"og:description\" content=\"Conforme a lo dispuesto en el art\u00edculo 22.2 de la Ley 34\/2002, de 11 de julio, de Servicios de la Sociedad de la Informaci\u00f3n y de Comercio Electr\u00f3nico (LSSI-CE) vigente,...\" \/>\n<meta property=\"og:url\" content=\"https:\/\/marcobricola.com\/es\/politica-de-cookies\/\" \/>\n<meta property=\"og:site_name\" content=\"Marco Bricola\" \/>\n<meta property=\"article:modified_time\" content=\"2025-05-26T08:03:06+00:00\" \/>\n<meta name=\"twitter:card\" content=\"summary_large_image\" \/>\n<meta name=\"twitter:label1\" content=\"Tiempo de lectura\" \/>\n\t<meta name=\"twitter:data1\" content=\"3 minutos\" \/>\n<script type=\"application\/ld+json\" class=\"yoast-schema-graph\">{\"@context\":\"https:\/\/schema.org\",\"@graph\":[{\"@type\":\"WebSite\",\"@id\":\"https:\/\/marcobricola.com\/it\/#website\",\"url\":\"https:\/\/marcobricola.com\/it\/\",\"name\":\"Marco Bricola\",\"description\":\"Real Estate Lawyer en Mallorca, Ibiza, Menorca y Formentera\",\"potentialAction\":[{\"@type\":\"SearchAction\",\"target\":{\"@type\":\"EntryPoint\",\"urlTemplate\":\"https:\/\/marcobricola.com\/it\/?s={search_term_string}\"},\"query-input\":\"required name=search_term_string\"}],\"inLanguage\":\"es\"},{\"@type\":\"WebPage\",\"@id\":\"https:\/\/marcobricola.com\/es\/politica-de-cookies\/#webpage\",\"url\":\"https:\/\/marcobricola.com\/es\/politica-de-cookies\/\",\"name\":\"Pol\u00edtica de Cookies - Marco Bricola\",\"isPartOf\":{\"@id\":\"https:\/\/marcobricola.com\/it\/#website\"},\"datePublished\":\"2020-06-26T08:53:43+00:00\",\"dateModified\":\"2025-05-26T08:03:06+00:00\",\"breadcrumb\":{\"@id\":\"https:\/\/marcobricola.com\/es\/politica-de-cookies\/#breadcrumb\"},\"inLanguage\":\"es\",\"potentialAction\":[{\"@type\":\"ReadAction\",\"target\":[\"https:\/\/marcobricola.com\/es\/politica-de-cookies\/\"]}]},{\"@type\":\"BreadcrumbList\",\"@id\":\"https:\/\/marcobricola.com\/es\/politica-de-cookies\/#breadcrumb\",\"itemListElement\":[{\"@type\":\"ListItem\",\"position\":1,\"name\":\"Portada\",\"item\":\"https:\/\/marcobricola.com\/es\/\"},{\"@type\":\"ListItem\",\"position\":2,\"name\":\"Pol\u00edtica de Cookies\"}]}]}<\/script>\n<!-- \/ Yoast SEO plugin. -->","yoast_head_json":{"title":"Pol\u00edtica de Cookies - Marco Bricola","robots":{"index":"index","follow":"follow","max-snippet":"max-snippet:-1","max-image-preview":"max-image-preview:large","max-video-preview":"max-video-preview:-1"},"canonical":"https:\/\/marcobricola.com\/es\/politica-de-cookies\/","og_locale":"es_ES","og_type":"article","og_title":"Pol\u00edtica de Cookies - Marco Bricola","og_description":"Conforme a lo dispuesto en el art\u00edculo 22.2 de la Ley 34\/2002, de 11 de julio, de Servicios de la Sociedad de la Informaci\u00f3n y de Comercio Electr\u00f3nico (LSSI-CE) vigente,...","og_url":"https:\/\/marcobricola.com\/es\/politica-de-cookies\/","og_site_name":"Marco Bricola","article_modified_time":"2025-05-26T08:03:06+00:00","twitter_card":"summary_large_image","twitter_misc":{"Tiempo de lectura":"3 minutos"},"schema":{"@context":"https:\/\/schema.org","@graph":[{"@type":"WebSite","@id":"https:\/\/marcobricola.com\/it\/#website","url":"https:\/\/marcobricola.com\/it\/","name":"Marco Bricola","description":"Real Estate Lawyer en Mallorca, Ibiza, Menorca y Formentera","potentialAction":[{"@type":"SearchAction","target":{"@type":"EntryPoint","urlTemplate":"https:\/\/marcobricola.com\/it\/?s={search_term_string}"},"query-input":"required name=search_term_string"}],"inLanguage":"es"},{"@type":"WebPage","@id":"https:\/\/marcobricola.com\/es\/politica-de-cookies\/#webpage","url":"https:\/\/marcobricola.com\/es\/politica-de-cookies\/","name":"Pol\u00edtica de Cookies - Marco Bricola","isPartOf":{"@id":"https:\/\/marcobricola.com\/it\/#website"},"datePublished":"2020-06-26T08:53:43+00:00","dateModified":"2025-05-26T08:03:06+00:00","breadcrumb":{"@id":"https:\/\/marcobricola.com\/es\/politica-de-cookies\/#breadcrumb"},"inLanguage":"es","potentialAction":[{"@type":"ReadAction","target":["https:\/\/marcobricola.com\/es\/politica-de-cookies\/"]}]},{"@type":"BreadcrumbList","@id":"https:\/\/marcobricola.com\/es\/politica-de-cookies\/#breadcrumb","itemListElement":[{"@type":"ListItem","position":1,"name":"Portada","item":"https:\/\/marcobricola.com\/es\/"},{"@type":"ListItem","position":2,"name":"Pol\u00edtica de Cookies"}]}]}},"_links":{"self":[{"href":"https:\/\/marcobricola.com\/es\/wp-json\/wp\/v2\/pages\/377"}],"collection":[{"href":"https:\/\/marcobricola.com\/es\/wp-json\/wp\/v2\/pages"}],"about":[{"href":"https:\/\/marcobricola.com\/es\/wp-json\/wp\/v2\/types\/page"}],"author":[{"embeddable":true,"href":"https:\/\/marcobricola.com\/es\/wp-json\/wp\/v2\/users\/1"}],"replies":[{"embeddable":true,"href":"https:\/\/marcobricola.com\/es\/wp-json\/wp\/v2\/comments?post=377"}],"version-history":[{"count":2,"href":"https:\/\/marcobricola.com\/es\/wp-json\/wp\/v2\/pages\/377\/revisions"}],"predecessor-version":[{"id":760,"href":"https:\/\/marcobricola.com\/es\/wp-json\/wp\/v2\/pages\/377\/revisions\/760"}],"wp:attachment":[{"href":"https:\/\/marcobricola.com\/es\/wp-json\/wp\/v2\/media?parent=377"}],"curies":[{"name":"wp","href":"https:\/\/api.w.org\/{rel}","templated":true}]}}