{"id":367,"date":"2020-06-26T08:47:35","date_gmt":"2020-06-26T08:47:35","guid":{"rendered":"https:\/\/marcobricola.com\/?page_id=367"},"modified":"2020-07-28T10:02:03","modified_gmt":"2020-07-28T10:02:03","slug":"asesoramiento-legal-y-tecnico-en-la-gestion-de-propiedades-y-negocios","status":"publish","type":"page","link":"https:\/\/marcobricola.com\/es\/asesoramiento-legal-y-tecnico-en-la-gestion-de-propiedades-y-negocios\/","title":{"rendered":"Asesoramiento legal y t\u00e9cnico en la gesti\u00f3n de propiedades y negocios"},"content":{"rendered":"[vc_row type=\u00bbfull_width_content\u00bb full_screen_row_position=\u00bbmiddle\u00bb column_margin=\u00bbdefault\u00bb equal_height=\u00bbyes\u00bb content_placement=\u00bbmiddle\u00bb column_direction=\u00bbdefault\u00bb column_direction_tablet=\u00bbdefault\u00bb column_direction_phone=\u00bbdefault\u00bb bg_color=\u00bb#ffffff\u00bb scene_position=\u00bbcenter\u00bb text_color=\u00bbdark\u00bb text_align=\u00bbleft\u00bb row_border_radius=\u00bbnone\u00bb row_border_radius_applies=\u00bbbg\u00bb overlay_strength=\u00bb0.3&#8243; gradient_direction=\u00bbleft_to_right\u00bb shape_divider_position=\u00bbbottom\u00bb bg_image_animation=\u00bbnone\u00bb shape_type=\u00bb\u00bb][vc_column column_padding=\u00bbpadding-5-percent\u00bb column_padding_tablet=\u00bbinherit\u00bb column_padding_phone=\u00bbinherit\u00bb column_padding_position=\u00bball\u00bb background_color_opacity=\u00bb1&#8243; background_hover_color_opacity=\u00bb1&#8243; column_shadow=\u00bbnone\u00bb column_border_radius=\u00bbnone\u00bb column_link_target=\u00bb_self\u00bb gradient_direction=\u00bbleft_to_right\u00bb overlay_strength=\u00bb0.3&#8243; width=\u00bb1\/2&#8243; tablet_width_inherit=\u00bbdefault\u00bb tablet_text_alignment=\u00bbdefault\u00bb phone_text_alignment=\u00bbdefault\u00bb column_border_width=\u00bbnone\u00bb column_border_style=\u00bbsolid\u00bb bg_image_animation=\u00bbnone\u00bb][vc_row_inner column_margin=\u00bbdefault\u00bb column_direction=\u00bbdefault\u00bb column_direction_tablet=\u00bbdefault\u00bb column_direction_phone=\u00bbdefault\u00bb text_align=\u00bbleft\u00bb][vc_column_inner column_padding=\u00bbno-extra-padding\u00bb column_padding_tablet=\u00bbinherit\u00bb column_padding_phone=\u00bbinherit\u00bb column_padding_position=\u00bball\u00bb background_color_opacity=\u00bb1&#8243; background_hover_color_opacity=\u00bb1&#8243; column_shadow=\u00bbnone\u00bb column_border_radius=\u00bbnone\u00bb column_link_target=\u00bb_self\u00bb gradient_direction=\u00bbleft_to_right\u00bb overlay_strength=\u00bb0.3&#8243; width=\u00bb1\/1&#8243; tablet_width_inherit=\u00bbdefault\u00bb column_border_width=\u00bbnone\u00bb column_border_style=\u00bbsolid\u00bb bg_image_animation=\u00bbnone\u00bb enable_animation=\u00bbtrue\u00bb animation=\u00bbfade-in-from-bottom\u00bb][divider line_type=\u00bbNo Line\u00bb custom_height=\u00bb50&#8243;][vc_column_text css=\u00bb.vc_custom_1595930140707{padding-right: 10% !important;}\u00bb]Marco Bricola ofrece un servicio de <strong>asesoramiento legal inmobiliario<\/strong>, de manera que asesora y representa el cliente en todos los aspectos legales necesarios para la gesti\u00f3n de la propiedad o del negocio o actividad adquirida.<\/p>\n<p>Cuenta con la colaboraci\u00f3n de <strong>abogados especializados<\/strong> en materia de contencioso para la resoluci\u00f3n de cualquier problema o controversia, as\u00ed como con el auxilio de economistas y asesores fiscales para cualquier tr\u00e1mite y expediente relacionado con la situaci\u00f3n tributaria del cliente.[\/vc_column_text][divider line_type=\u00bbNo Line\u00bb custom_height=\u00bb50&#8243;][\/vc_column_inner][\/vc_row_inner][\/vc_column][vc_column column_padding=\u00bbno-extra-padding\u00bb column_padding_tablet=\u00bbinherit\u00bb column_padding_phone=\u00bbinherit\u00bb column_padding_position=\u00bball\u00bb background_color_opacity=\u00bb1&#8243; background_hover_color_opacity=\u00bb1&#8243; background_image=\u00bb365&#8243; background_image_position=\u00bbcenter center\u00bb enable_bg_scale=\u00bbtrue\u00bb column_shadow=\u00bbnone\u00bb column_border_radius=\u00bbnone\u00bb column_link_target=\u00bb_self\u00bb gradient_direction=\u00bbleft_to_right\u00bb overlay_strength=\u00bb0.3&#8243; width=\u00bb1\/2&#8243; tablet_width_inherit=\u00bbdefault\u00bb tablet_text_alignment=\u00bbdefault\u00bb phone_text_alignment=\u00bbdefault\u00bb column_border_width=\u00bbnone\u00bb column_border_style=\u00bbsolid\u00bb bg_image_animation=\u00bbnone\u00bb][\/vc_column][\/vc_row]\n","protected":false},"excerpt":{"rendered":"<p>[vc_row type=\u00bbfull_width_content\u00bb full_screen_row_position=\u00bbmiddle\u00bb column_margin=\u00bbdefault\u00bb equal_height=\u00bbyes\u00bb content_placement=\u00bbmiddle\u00bb column_direction=\u00bbdefault\u00bb column_direction_tablet=\u00bbdefault\u00bb column_direction_phone=\u00bbdefault\u00bb bg_color=\u00bb#ffffff\u00bb scene_position=\u00bbcenter\u00bb text_color=\u00bbdark\u00bb text_align=\u00bbleft\u00bb row_border_radius=\u00bbnone\u00bb row_border_radius_applies=\u00bbbg\u00bb overlay_strength=\u00bb0.3&#8243; gradient_direction=\u00bbleft_to_right\u00bb shape_divider_position=\u00bbbottom\u00bb bg_image_animation=\u00bbnone\u00bb shape_type=\u00bb\u00bb][vc_column column_padding=\u00bbpadding-5-percent\u00bb column_padding_tablet=\u00bbinherit\u00bb column_padding_phone=\u00bbinherit\u00bb column_padding_position=\u00bball\u00bb background_color_opacity=\u00bb1&#8243; background_hover_color_opacity=\u00bb1&#8243; column_shadow=\u00bbnone\u00bb column_border_radius=\u00bbnone\u00bb column_link_target=\u00bb_self\u00bb gradient_direction=\u00bbleft_to_right\u00bb&#8230;<\/p>\n","protected":false},"author":1,"featured_media":0,"parent":0,"menu_order":0,"comment_status":"closed","ping_status":"closed","template":"","meta":[],"yoast_head":"<!-- This site is optimized with the Yoast SEO plugin v18.7 - https:\/\/yoast.com\/wordpress\/plugins\/seo\/ -->\n<title>Asesoramiento Legal Inmobiliario \u27a4 Marco Bricola: Derecho inmobiliario<\/title>\n<meta name=\"description\" content=\"Con nuestro Asesoramiento Legal Inmobiliario, asesoramos y representamos al cliente en todos los aspectos legales sobre inmuebles. \u00a1Contacta con nosotros!\" \/>\n<meta name=\"robots\" content=\"index, follow, max-snippet:-1, max-image-preview:large, max-video-preview:-1\" \/>\n<link rel=\"canonical\" href=\"https:\/\/marcobricola.com\/es\/asesoramiento-legal-y-tecnico-en-la-gestion-de-propiedades-y-negocios\/\" \/>\n<meta property=\"og:locale\" content=\"es_ES\" \/>\n<meta property=\"og:type\" content=\"article\" \/>\n<meta property=\"og:title\" content=\"Asesoramiento Legal Inmobiliario \u27a4 Marco Bricola: Derecho inmobiliario\" \/>\n<meta property=\"og:description\" content=\"Con nuestro Asesoramiento Legal Inmobiliario, asesoramos y representamos al cliente en todos los aspectos legales sobre inmuebles. \u00a1Contacta con nosotros!\" \/>\n<meta property=\"og:url\" content=\"https:\/\/marcobricola.com\/es\/asesoramiento-legal-y-tecnico-en-la-gestion-de-propiedades-y-negocios\/\" \/>\n<meta property=\"og:site_name\" content=\"Marco Bricola\" \/>\n<meta property=\"article:modified_time\" content=\"2020-07-28T10:02:03+00:00\" \/>\n<meta name=\"twitter:card\" content=\"summary_large_image\" \/>\n<meta name=\"twitter:label1\" content=\"Tiempo de lectura\" \/>\n\t<meta name=\"twitter:data1\" content=\"2 minutos\" \/>\n<script type=\"application\/ld+json\" class=\"yoast-schema-graph\">{\"@context\":\"https:\/\/schema.org\",\"@graph\":[{\"@type\":\"WebSite\",\"@id\":\"https:\/\/marcobricola.com\/it\/#website\",\"url\":\"https:\/\/marcobricola.com\/it\/\",\"name\":\"Marco Bricola\",\"description\":\"Real Estate Lawyer en Mallorca, Ibiza, Menorca y Formentera\",\"potentialAction\":[{\"@type\":\"SearchAction\",\"target\":{\"@type\":\"EntryPoint\",\"urlTemplate\":\"https:\/\/marcobricola.com\/it\/?s={search_term_string}\"},\"query-input\":\"required name=search_term_string\"}],\"inLanguage\":\"es\"},{\"@type\":\"WebPage\",\"@id\":\"https:\/\/marcobricola.com\/es\/asesoramiento-legal-y-tecnico-en-la-gestion-de-propiedades-y-negocios\/#webpage\",\"url\":\"https:\/\/marcobricola.com\/es\/asesoramiento-legal-y-tecnico-en-la-gestion-de-propiedades-y-negocios\/\",\"name\":\"Asesoramiento Legal Inmobiliario \u27a4 Marco Bricola: Derecho inmobiliario\",\"isPartOf\":{\"@id\":\"https:\/\/marcobricola.com\/it\/#website\"},\"datePublished\":\"2020-06-26T08:47:35+00:00\",\"dateModified\":\"2020-07-28T10:02:03+00:00\",\"description\":\"Con nuestro Asesoramiento Legal Inmobiliario, asesoramos y representamos al cliente en todos los aspectos legales sobre inmuebles. \u00a1Contacta con nosotros!\",\"breadcrumb\":{\"@id\":\"https:\/\/marcobricola.com\/es\/asesoramiento-legal-y-tecnico-en-la-gestion-de-propiedades-y-negocios\/#breadcrumb\"},\"inLanguage\":\"es\",\"potentialAction\":[{\"@type\":\"ReadAction\",\"target\":[\"https:\/\/marcobricola.com\/es\/asesoramiento-legal-y-tecnico-en-la-gestion-de-propiedades-y-negocios\/\"]}]},{\"@type\":\"BreadcrumbList\",\"@id\":\"https:\/\/marcobricola.com\/es\/asesoramiento-legal-y-tecnico-en-la-gestion-de-propiedades-y-negocios\/#breadcrumb\",\"itemListElement\":[{\"@type\":\"ListItem\",\"position\":1,\"name\":\"Portada\",\"item\":\"https:\/\/marcobricola.com\/es\/\"},{\"@type\":\"ListItem\",\"position\":2,\"name\":\"Asesoramiento legal y t\u00e9cnico en la gesti\u00f3n de propiedades y negocios\"}]}]}<\/script>\n<!-- \/ Yoast SEO plugin. -->","yoast_head_json":{"title":"Asesoramiento Legal Inmobiliario \u27a4 Marco Bricola: Derecho inmobiliario","description":"Con nuestro Asesoramiento Legal Inmobiliario, asesoramos y representamos al cliente en todos los aspectos legales sobre inmuebles. \u00a1Contacta con nosotros!","robots":{"index":"index","follow":"follow","max-snippet":"max-snippet:-1","max-image-preview":"max-image-preview:large","max-video-preview":"max-video-preview:-1"},"canonical":"https:\/\/marcobricola.com\/es\/asesoramiento-legal-y-tecnico-en-la-gestion-de-propiedades-y-negocios\/","og_locale":"es_ES","og_type":"article","og_title":"Asesoramiento Legal Inmobiliario \u27a4 Marco Bricola: Derecho inmobiliario","og_description":"Con nuestro Asesoramiento Legal Inmobiliario, asesoramos y representamos al cliente en todos los aspectos legales sobre inmuebles. \u00a1Contacta con nosotros!","og_url":"https:\/\/marcobricola.com\/es\/asesoramiento-legal-y-tecnico-en-la-gestion-de-propiedades-y-negocios\/","og_site_name":"Marco Bricola","article_modified_time":"2020-07-28T10:02:03+00:00","twitter_card":"summary_large_image","twitter_misc":{"Tiempo de lectura":"2 minutos"},"schema":{"@context":"https:\/\/schema.org","@graph":[{"@type":"WebSite","@id":"https:\/\/marcobricola.com\/it\/#website","url":"https:\/\/marcobricola.com\/it\/","name":"Marco Bricola","description":"Real Estate Lawyer en Mallorca, Ibiza, Menorca y Formentera","potentialAction":[{"@type":"SearchAction","target":{"@type":"EntryPoint","urlTemplate":"https:\/\/marcobricola.com\/it\/?s={search_term_string}"},"query-input":"required name=search_term_string"}],"inLanguage":"es"},{"@type":"WebPage","@id":"https:\/\/marcobricola.com\/es\/asesoramiento-legal-y-tecnico-en-la-gestion-de-propiedades-y-negocios\/#webpage","url":"https:\/\/marcobricola.com\/es\/asesoramiento-legal-y-tecnico-en-la-gestion-de-propiedades-y-negocios\/","name":"Asesoramiento Legal Inmobiliario \u27a4 Marco Bricola: Derecho inmobiliario","isPartOf":{"@id":"https:\/\/marcobricola.com\/it\/#website"},"datePublished":"2020-06-26T08:47:35+00:00","dateModified":"2020-07-28T10:02:03+00:00","description":"Con nuestro Asesoramiento Legal Inmobiliario, asesoramos y representamos al cliente en todos los aspectos legales sobre inmuebles. \u00a1Contacta con nosotros!","breadcrumb":{"@id":"https:\/\/marcobricola.com\/es\/asesoramiento-legal-y-tecnico-en-la-gestion-de-propiedades-y-negocios\/#breadcrumb"},"inLanguage":"es","potentialAction":[{"@type":"ReadAction","target":["https:\/\/marcobricola.com\/es\/asesoramiento-legal-y-tecnico-en-la-gestion-de-propiedades-y-negocios\/"]}]},{"@type":"BreadcrumbList","@id":"https:\/\/marcobricola.com\/es\/asesoramiento-legal-y-tecnico-en-la-gestion-de-propiedades-y-negocios\/#breadcrumb","itemListElement":[{"@type":"ListItem","position":1,"name":"Portada","item":"https:\/\/marcobricola.com\/es\/"},{"@type":"ListItem","position":2,"name":"Asesoramiento legal y t\u00e9cnico en la gesti\u00f3n de propiedades y negocios"}]}]}},"_links":{"self":[{"href":"https:\/\/marcobricola.com\/es\/wp-json\/wp\/v2\/pages\/367"}],"collection":[{"href":"https:\/\/marcobricola.com\/es\/wp-json\/wp\/v2\/pages"}],"about":[{"href":"https:\/\/marcobricola.com\/es\/wp-json\/wp\/v2\/types\/page"}],"author":[{"embeddable":true,"href":"https:\/\/marcobricola.com\/es\/wp-json\/wp\/v2\/users\/1"}],"replies":[{"embeddable":true,"href":"https:\/\/marcobricola.com\/es\/wp-json\/wp\/v2\/comments?post=367"}],"version-history":[{"count":4,"href":"https:\/\/marcobricola.com\/es\/wp-json\/wp\/v2\/pages\/367\/revisions"}],"predecessor-version":[{"id":632,"href":"https:\/\/marcobricola.com\/es\/wp-json\/wp\/v2\/pages\/367\/revisions\/632"}],"wp:attachment":[{"href":"https:\/\/marcobricola.com\/es\/wp-json\/wp\/v2\/media?parent=367"}],"curies":[{"name":"wp","href":"https:\/\/api.w.org\/{rel}","templated":true}]}}