{"id":338,"date":"2020-05-13T17:08:55","date_gmt":"2020-05-13T17:08:55","guid":{"rendered":"https:\/\/marcobricola.com\/?page_id=338"},"modified":"2020-07-28T11:28:12","modified_gmt":"2020-07-28T11:28:12","slug":"la-compra-de-propiedades-inmobiliarias","status":"publish","type":"page","link":"https:\/\/marcobricola.com\/es\/la-compra-de-propiedades-inmobiliarias\/","title":{"rendered":"La compra de propiedades inmobiliarias"},"content":{"rendered":"[vc_row type=\u00bbfull_width_content\u00bb full_screen_row_position=\u00bbmiddle\u00bb column_margin=\u00bbdefault\u00bb equal_height=\u00bbyes\u00bb content_placement=\u00bbmiddle\u00bb column_direction=\u00bbdefault\u00bb column_direction_tablet=\u00bbdefault\u00bb column_direction_phone=\u00bbdefault\u00bb bg_color=\u00bb#ffffff\u00bb scene_position=\u00bbcenter\u00bb text_color=\u00bbdark\u00bb text_align=\u00bbleft\u00bb row_border_radius=\u00bbnone\u00bb row_border_radius_applies=\u00bbbg\u00bb overlay_strength=\u00bb0.3&#8243; gradient_direction=\u00bbleft_to_right\u00bb shape_divider_position=\u00bbbottom\u00bb bg_image_animation=\u00bbnone\u00bb shape_type=\u00bb\u00bb][vc_column column_padding=\u00bbpadding-5-percent\u00bb column_padding_tablet=\u00bbinherit\u00bb column_padding_phone=\u00bbinherit\u00bb column_padding_position=\u00bball\u00bb background_color_opacity=\u00bb1&#8243; background_hover_color_opacity=\u00bb1&#8243; column_shadow=\u00bbnone\u00bb column_border_radius=\u00bbnone\u00bb column_link_target=\u00bb_self\u00bb gradient_direction=\u00bbleft_to_right\u00bb overlay_strength=\u00bb0.3&#8243; width=\u00bb1\/2&#8243; tablet_width_inherit=\u00bbdefault\u00bb tablet_text_alignment=\u00bbdefault\u00bb phone_text_alignment=\u00bbdefault\u00bb column_border_width=\u00bbnone\u00bb column_border_style=\u00bbsolid\u00bb bg_image_animation=\u00bbnone\u00bb][vc_row_inner column_margin=\u00bbdefault\u00bb column_direction=\u00bbdefault\u00bb column_direction_tablet=\u00bbdefault\u00bb column_direction_phone=\u00bbdefault\u00bb text_align=\u00bbleft\u00bb][vc_column_inner column_padding=\u00bbno-extra-padding\u00bb column_padding_tablet=\u00bbinherit\u00bb column_padding_phone=\u00bbinherit\u00bb column_padding_position=\u00bball\u00bb background_color_opacity=\u00bb1&#8243; background_hover_color_opacity=\u00bb1&#8243; column_shadow=\u00bbnone\u00bb column_border_radius=\u00bbnone\u00bb column_link_target=\u00bb_self\u00bb gradient_direction=\u00bbleft_to_right\u00bb overlay_strength=\u00bb0.3&#8243; width=\u00bb1\/1&#8243; tablet_width_inherit=\u00bbdefault\u00bb column_border_width=\u00bbnone\u00bb column_border_style=\u00bbsolid\u00bb bg_image_animation=\u00bbnone\u00bb enable_animation=\u00bbtrue\u00bb animation=\u00bbfade-in-from-bottom\u00bb][vc_column_text css=\u00bb.vc_custom_1593160687815{padding-right: 10% !important;}\u00bb]En primer lugar, se hacen todas las comprobaciones necesarias para que la adquisici\u00f3n se desarrolle en toda seguridad y con todas las garant\u00edas e informaci\u00f3n para que el cliente pueda tomar la decisi\u00f3n de proceder con la inversi\u00f3n.<\/p>\n<p>Ello incluye una detallada investigaci\u00f3n y dictamen sobre el inmueble y su situaci\u00f3n legal y urban\u00edstica.<\/p>\n<p>En relaci\u00f3n con la situaci\u00f3n urban\u00edstica, en caso de ilegalidades, se estudian \u2013 en colaboraci\u00f3n con arquitectos de reconocida experiencia \u2013 las posibilidades de legalizaci\u00f3n del inmueble.<\/p>\n<p>Asimismo, se informa al cliente sobre el posible desarrollo futuro de la propiedad (reforma, ampliaci\u00f3n) y en caso de terrenos edificables esto incluye el dictamen legal y t\u00e9cnico sobre las posibilidades edificatorias.<\/p>\n<p>Se presta especial atenci\u00f3n a las perspectivas de rentabilidad del inmueble informando al cliente sobre la normativa en materia de alquileres tur\u00edsticos y residenciales.<\/p>\n<p>En colaboraci\u00f3n con un despacho de economistas de reconocida experiencia, se informa de manera espec\u00edfica y detallada sobre todos los aspectos fiscales de la operaci\u00f3n de inversi\u00f3n, incluyendo la tributaci\u00f3n local y nacional posterior a la adquisici\u00f3n.[\/vc_column_text][\/vc_column_inner][\/vc_row_inner][\/vc_column][vc_column column_padding=\u00bbno-extra-padding\u00bb column_padding_tablet=\u00bbinherit\u00bb column_padding_phone=\u00bbinherit\u00bb column_padding_position=\u00bball\u00bb background_color_opacity=\u00bb1&#8243; background_hover_color_opacity=\u00bb1&#8243; background_image=\u00bb309&#8243; background_image_position=\u00bbcenter center\u00bb enable_bg_scale=\u00bbtrue\u00bb column_shadow=\u00bbnone\u00bb column_border_radius=\u00bbnone\u00bb column_link_target=\u00bb_self\u00bb gradient_direction=\u00bbleft_to_right\u00bb overlay_strength=\u00bb0.3&#8243; width=\u00bb1\/2&#8243; tablet_width_inherit=\u00bbdefault\u00bb tablet_text_alignment=\u00bbdefault\u00bb phone_text_alignment=\u00bbdefault\u00bb column_border_width=\u00bbnone\u00bb column_border_style=\u00bbsolid\u00bb bg_image_animation=\u00bbnone\u00bb][\/vc_column][\/vc_row][vc_row type=\u00bbfull_width_content\u00bb full_screen_row_position=\u00bbmiddle\u00bb column_margin=\u00bbdefault\u00bb equal_height=\u00bbyes\u00bb content_placement=\u00bbmiddle\u00bb column_direction=\u00bbdefault\u00bb column_direction_tablet=\u00bbdefault\u00bb column_direction_phone=\u00bbdefault\u00bb bg_color=\u00bb#ffffff\u00bb scene_position=\u00bbcenter\u00bb text_color=\u00bbdark\u00bb text_align=\u00bbleft\u00bb row_border_radius=\u00bbnone\u00bb row_border_radius_applies=\u00bbbg\u00bb overlay_strength=\u00bb0.3&#8243; gradient_direction=\u00bbleft_to_right\u00bb shape_divider_position=\u00bbbottom\u00bb bg_image_animation=\u00bbnone\u00bb shape_type=\u00bb\u00bb][vc_column column_padding=\u00bbno-extra-padding\u00bb column_padding_tablet=\u00bbinherit\u00bb column_padding_phone=\u00bbinherit\u00bb column_padding_position=\u00bball\u00bb background_color_opacity=\u00bb1&#8243; background_hover_color_opacity=\u00bb1&#8243; background_image=\u00bb355&#8243; background_image_position=\u00bbcenter center\u00bb enable_bg_scale=\u00bbtrue\u00bb column_shadow=\u00bbnone\u00bb column_border_radius=\u00bbnone\u00bb column_link_target=\u00bb_self\u00bb gradient_direction=\u00bbleft_to_right\u00bb overlay_strength=\u00bb0.3&#8243; width=\u00bb1\/2&#8243; tablet_width_inherit=\u00bbdefault\u00bb tablet_text_alignment=\u00bbdefault\u00bb phone_text_alignment=\u00bbdefault\u00bb column_border_width=\u00bbnone\u00bb column_border_style=\u00bbsolid\u00bb bg_image_animation=\u00bbnone\u00bb offset=\u00bbvc_hidden-sm vc_hidden-xs\u00bb][\/vc_column][vc_column column_padding=\u00bbpadding-5-percent\u00bb column_padding_tablet=\u00bbinherit\u00bb column_padding_phone=\u00bbinherit\u00bb column_padding_position=\u00bball\u00bb background_color_opacity=\u00bb1&#8243; background_hover_color_opacity=\u00bb1&#8243; column_shadow=\u00bbnone\u00bb column_border_radius=\u00bbnone\u00bb column_link_target=\u00bb_self\u00bb gradient_direction=\u00bbleft_to_right\u00bb overlay_strength=\u00bb0.3&#8243; width=\u00bb1\/2&#8243; tablet_width_inherit=\u00bbdefault\u00bb tablet_text_alignment=\u00bbdefault\u00bb phone_text_alignment=\u00bbdefault\u00bb column_border_width=\u00bbnone\u00bb column_border_style=\u00bbsolid\u00bb bg_image_animation=\u00bbnone\u00bb][vc_row_inner column_margin=\u00bbdefault\u00bb column_direction=\u00bbdefault\u00bb column_direction_tablet=\u00bbdefault\u00bb column_direction_phone=\u00bbdefault\u00bb text_align=\u00bbleft\u00bb][vc_column_inner column_padding=\u00bbno-extra-padding\u00bb column_padding_tablet=\u00bbinherit\u00bb column_padding_phone=\u00bbinherit\u00bb column_padding_position=\u00bball\u00bb background_color_opacity=\u00bb1&#8243; background_hover_color_opacity=\u00bb1&#8243; column_shadow=\u00bbnone\u00bb column_border_radius=\u00bbnone\u00bb column_link_target=\u00bb_self\u00bb gradient_direction=\u00bbleft_to_right\u00bb overlay_strength=\u00bb0.3&#8243; width=\u00bb1\/1&#8243; tablet_width_inherit=\u00bbdefault\u00bb column_border_width=\u00bbnone\u00bb column_border_style=\u00bbsolid\u00bb bg_image_animation=\u00bbnone\u00bb enable_animation=\u00bbtrue\u00bb animation=\u00bbfade-in-from-bottom\u00bb][vc_column_text css=\u00bb.vc_custom_1593160748350{padding-right: 10% !important;}\u00bb]Se estudia con el cliente la mejor forma de proceder a la adquisici\u00f3n, asesor\u00e1ndole en la posible constituci\u00f3n de sociedades mercantiles, as\u00ed como en relaci\u00f3n con la operatividad en Espa\u00f1a de sociedades extranjeras.<\/p>\n<p>Marco Bricola se encarga adem\u00e1s de todos los actos preparatorios, desde la obtenci\u00f3n del NIE en caso de extranjeros, hasta la gesti\u00f3n de los contactos con los bancos locales a efectos de la apertura de cuentas corriente y el recurso a la financiaci\u00f3n bancaria, la predisposici\u00f3n de documentos de reserva o contratos preliminares, as\u00ed como de la colaboraci\u00f3n con la Notar\u00eda en la preparaci\u00f3n de todos los documentos necesarios para la adquisici\u00f3n.<\/p>\n<p>Marco Bricola acompa\u00f1a el cliente en todo momento, en la firma de la escritura de compraventa y de ser el caso, en la de pr\u00e9stamo hipotecario y se encarga de la liquidaci\u00f3n de los costes de la operaci\u00f3n, as\u00ed como de los impuestos relacionados con la misma, hasta la definitiva inscripci\u00f3n del t\u00edtulo de propiedad.[\/vc_column_text][\/vc_column_inner][\/vc_row_inner][\/vc_column][\/vc_row]\n","protected":false},"excerpt":{"rendered":"<p>[vc_row type=\u00bbfull_width_content\u00bb full_screen_row_position=\u00bbmiddle\u00bb column_margin=\u00bbdefault\u00bb equal_height=\u00bbyes\u00bb content_placement=\u00bbmiddle\u00bb column_direction=\u00bbdefault\u00bb column_direction_tablet=\u00bbdefault\u00bb column_direction_phone=\u00bbdefault\u00bb bg_color=\u00bb#ffffff\u00bb scene_position=\u00bbcenter\u00bb text_color=\u00bbdark\u00bb text_align=\u00bbleft\u00bb row_border_radius=\u00bbnone\u00bb row_border_radius_applies=\u00bbbg\u00bb overlay_strength=\u00bb0.3&#8243; gradient_direction=\u00bbleft_to_right\u00bb shape_divider_position=\u00bbbottom\u00bb bg_image_animation=\u00bbnone\u00bb shape_type=\u00bb\u00bb][vc_column column_padding=\u00bbpadding-5-percent\u00bb column_padding_tablet=\u00bbinherit\u00bb column_padding_phone=\u00bbinherit\u00bb column_padding_position=\u00bball\u00bb background_color_opacity=\u00bb1&#8243; background_hover_color_opacity=\u00bb1&#8243; column_shadow=\u00bbnone\u00bb column_border_radius=\u00bbnone\u00bb column_link_target=\u00bb_self\u00bb gradient_direction=\u00bbleft_to_right\u00bb&#8230;<\/p>\n","protected":false},"author":1,"featured_media":0,"parent":0,"menu_order":0,"comment_status":"closed","ping_status":"closed","template":"","meta":[],"yoast_head":"<!-- This site is optimized with the Yoast SEO plugin v18.7 - https:\/\/yoast.com\/wordpress\/plugins\/seo\/ -->\n<title>Compra de Inmuebles \u27a4 Marco Bricola: Derecho inmobiliario<\/title>\n<meta name=\"description\" content=\"Estudiamos contigo la mejor manera de proceder con la compra de inmuebles. Adem\u00e1s nos encargamos de todos los actos preparatorios. Cons\u00faltanos por tel\u00e9fono.\" \/>\n<meta name=\"robots\" content=\"index, follow, max-snippet:-1, max-image-preview:large, max-video-preview:-1\" \/>\n<link rel=\"canonical\" href=\"https:\/\/marcobricola.com\/es\/la-compra-de-propiedades-inmobiliarias\/\" \/>\n<meta property=\"og:locale\" content=\"es_ES\" \/>\n<meta property=\"og:type\" content=\"article\" \/>\n<meta property=\"og:title\" content=\"Compra de Inmuebles \u27a4 Marco Bricola: Derecho inmobiliario\" \/>\n<meta property=\"og:description\" content=\"Estudiamos contigo la mejor manera de proceder con la compra de inmuebles. Adem\u00e1s nos encargamos de todos los actos preparatorios. Cons\u00faltanos por tel\u00e9fono.\" \/>\n<meta property=\"og:url\" content=\"https:\/\/marcobricola.com\/es\/la-compra-de-propiedades-inmobiliarias\/\" \/>\n<meta property=\"og:site_name\" content=\"Marco Bricola\" \/>\n<meta property=\"article:modified_time\" content=\"2020-07-28T11:28:12+00:00\" \/>\n<meta name=\"twitter:card\" content=\"summary_large_image\" \/>\n<meta name=\"twitter:label1\" content=\"Tiempo de lectura\" \/>\n\t<meta name=\"twitter:data1\" content=\"5 minutos\" \/>\n<script type=\"application\/ld+json\" class=\"yoast-schema-graph\">{\"@context\":\"https:\/\/schema.org\",\"@graph\":[{\"@type\":\"WebSite\",\"@id\":\"https:\/\/marcobricola.com\/it\/#website\",\"url\":\"https:\/\/marcobricola.com\/it\/\",\"name\":\"Marco Bricola\",\"description\":\"Real Estate Lawyer en Mallorca, Ibiza, Menorca y Formentera\",\"potentialAction\":[{\"@type\":\"SearchAction\",\"target\":{\"@type\":\"EntryPoint\",\"urlTemplate\":\"https:\/\/marcobricola.com\/it\/?s={search_term_string}\"},\"query-input\":\"required name=search_term_string\"}],\"inLanguage\":\"es\"},{\"@type\":\"WebPage\",\"@id\":\"https:\/\/marcobricola.com\/es\/la-compra-de-propiedades-inmobiliarias\/#webpage\",\"url\":\"https:\/\/marcobricola.com\/es\/la-compra-de-propiedades-inmobiliarias\/\",\"name\":\"Compra de Inmuebles \u27a4 Marco Bricola: Derecho inmobiliario\",\"isPartOf\":{\"@id\":\"https:\/\/marcobricola.com\/it\/#website\"},\"datePublished\":\"2020-05-13T17:08:55+00:00\",\"dateModified\":\"2020-07-28T11:28:12+00:00\",\"description\":\"Estudiamos contigo la mejor manera de proceder con la compra de inmuebles. Adem\u00e1s nos encargamos de todos los actos preparatorios. Cons\u00faltanos por tel\u00e9fono.\",\"breadcrumb\":{\"@id\":\"https:\/\/marcobricola.com\/es\/la-compra-de-propiedades-inmobiliarias\/#breadcrumb\"},\"inLanguage\":\"es\",\"potentialAction\":[{\"@type\":\"ReadAction\",\"target\":[\"https:\/\/marcobricola.com\/es\/la-compra-de-propiedades-inmobiliarias\/\"]}]},{\"@type\":\"BreadcrumbList\",\"@id\":\"https:\/\/marcobricola.com\/es\/la-compra-de-propiedades-inmobiliarias\/#breadcrumb\",\"itemListElement\":[{\"@type\":\"ListItem\",\"position\":1,\"name\":\"Portada\",\"item\":\"https:\/\/marcobricola.com\/es\/\"},{\"@type\":\"ListItem\",\"position\":2,\"name\":\"La compra de propiedades inmobiliarias\"}]}]}<\/script>\n<!-- \/ Yoast SEO plugin. -->","yoast_head_json":{"title":"Compra de Inmuebles \u27a4 Marco Bricola: Derecho inmobiliario","description":"Estudiamos contigo la mejor manera de proceder con la compra de inmuebles. Adem\u00e1s nos encargamos de todos los actos preparatorios. Cons\u00faltanos por tel\u00e9fono.","robots":{"index":"index","follow":"follow","max-snippet":"max-snippet:-1","max-image-preview":"max-image-preview:large","max-video-preview":"max-video-preview:-1"},"canonical":"https:\/\/marcobricola.com\/es\/la-compra-de-propiedades-inmobiliarias\/","og_locale":"es_ES","og_type":"article","og_title":"Compra de Inmuebles \u27a4 Marco Bricola: Derecho inmobiliario","og_description":"Estudiamos contigo la mejor manera de proceder con la compra de inmuebles. Adem\u00e1s nos encargamos de todos los actos preparatorios. Cons\u00faltanos por tel\u00e9fono.","og_url":"https:\/\/marcobricola.com\/es\/la-compra-de-propiedades-inmobiliarias\/","og_site_name":"Marco Bricola","article_modified_time":"2020-07-28T11:28:12+00:00","twitter_card":"summary_large_image","twitter_misc":{"Tiempo de lectura":"5 minutos"},"schema":{"@context":"https:\/\/schema.org","@graph":[{"@type":"WebSite","@id":"https:\/\/marcobricola.com\/it\/#website","url":"https:\/\/marcobricola.com\/it\/","name":"Marco Bricola","description":"Real Estate Lawyer en Mallorca, Ibiza, Menorca y Formentera","potentialAction":[{"@type":"SearchAction","target":{"@type":"EntryPoint","urlTemplate":"https:\/\/marcobricola.com\/it\/?s={search_term_string}"},"query-input":"required name=search_term_string"}],"inLanguage":"es"},{"@type":"WebPage","@id":"https:\/\/marcobricola.com\/es\/la-compra-de-propiedades-inmobiliarias\/#webpage","url":"https:\/\/marcobricola.com\/es\/la-compra-de-propiedades-inmobiliarias\/","name":"Compra de Inmuebles \u27a4 Marco Bricola: Derecho inmobiliario","isPartOf":{"@id":"https:\/\/marcobricola.com\/it\/#website"},"datePublished":"2020-05-13T17:08:55+00:00","dateModified":"2020-07-28T11:28:12+00:00","description":"Estudiamos contigo la mejor manera de proceder con la compra de inmuebles. Adem\u00e1s nos encargamos de todos los actos preparatorios. Cons\u00faltanos por tel\u00e9fono.","breadcrumb":{"@id":"https:\/\/marcobricola.com\/es\/la-compra-de-propiedades-inmobiliarias\/#breadcrumb"},"inLanguage":"es","potentialAction":[{"@type":"ReadAction","target":["https:\/\/marcobricola.com\/es\/la-compra-de-propiedades-inmobiliarias\/"]}]},{"@type":"BreadcrumbList","@id":"https:\/\/marcobricola.com\/es\/la-compra-de-propiedades-inmobiliarias\/#breadcrumb","itemListElement":[{"@type":"ListItem","position":1,"name":"Portada","item":"https:\/\/marcobricola.com\/es\/"},{"@type":"ListItem","position":2,"name":"La compra de propiedades inmobiliarias"}]}]}},"_links":{"self":[{"href":"https:\/\/marcobricola.com\/es\/wp-json\/wp\/v2\/pages\/338"}],"collection":[{"href":"https:\/\/marcobricola.com\/es\/wp-json\/wp\/v2\/pages"}],"about":[{"href":"https:\/\/marcobricola.com\/es\/wp-json\/wp\/v2\/types\/page"}],"author":[{"embeddable":true,"href":"https:\/\/marcobricola.com\/es\/wp-json\/wp\/v2\/users\/1"}],"replies":[{"embeddable":true,"href":"https:\/\/marcobricola.com\/es\/wp-json\/wp\/v2\/comments?post=338"}],"version-history":[{"count":4,"href":"https:\/\/marcobricola.com\/es\/wp-json\/wp\/v2\/pages\/338\/revisions"}],"predecessor-version":[{"id":356,"href":"https:\/\/marcobricola.com\/es\/wp-json\/wp\/v2\/pages\/338\/revisions\/356"}],"wp:attachment":[{"href":"https:\/\/marcobricola.com\/es\/wp-json\/wp\/v2\/media?parent=338"}],"curies":[{"name":"wp","href":"https:\/\/api.w.org\/{rel}","templated":true}]}}