{"id":320,"date":"2020-05-13T17:04:44","date_gmt":"2020-05-13T17:04:44","guid":{"rendered":"https:\/\/marcobricola.com\/?page_id=320"},"modified":"2020-07-28T11:20:52","modified_gmt":"2020-07-28T11:20:52","slug":"marco-bricola-real-estate-lawyer","status":"publish","type":"page","link":"https:\/\/marcobricola.com\/es\/marco-bricola-real-estate-lawyer\/","title":{"rendered":"Marco Bricola Real Estate Lawyer"},"content":{"rendered":"[vc_row type=\u00bbfull_width_content\u00bb full_screen_row_position=\u00bbmiddle\u00bb column_margin=\u00bbdefault\u00bb equal_height=\u00bbyes\u00bb content_placement=\u00bbmiddle\u00bb column_direction=\u00bbdefault\u00bb column_direction_tablet=\u00bbdefault\u00bb column_direction_phone=\u00bbdefault\u00bb bg_color=\u00bb#ffffff\u00bb scene_position=\u00bbcenter\u00bb text_color=\u00bbdark\u00bb text_align=\u00bbleft\u00bb row_border_radius=\u00bbnone\u00bb row_border_radius_applies=\u00bbbg\u00bb overlay_strength=\u00bb0.3&#8243; gradient_direction=\u00bbleft_to_right\u00bb shape_divider_position=\u00bbbottom\u00bb bg_image_animation=\u00bbnone\u00bb shape_type=\u00bb\u00bb][vc_column column_padding=\u00bbpadding-5-percent\u00bb column_padding_tablet=\u00bbinherit\u00bb column_padding_phone=\u00bbinherit\u00bb column_padding_position=\u00bball\u00bb background_color_opacity=\u00bb1&#8243; background_hover_color_opacity=\u00bb1&#8243; column_shadow=\u00bbnone\u00bb column_border_radius=\u00bbnone\u00bb column_link_target=\u00bb_self\u00bb gradient_direction=\u00bbleft_to_right\u00bb overlay_strength=\u00bb0.3&#8243; width=\u00bb1\/2&#8243; tablet_width_inherit=\u00bbdefault\u00bb tablet_text_alignment=\u00bbdefault\u00bb phone_text_alignment=\u00bbdefault\u00bb column_border_width=\u00bbnone\u00bb column_border_style=\u00bbsolid\u00bb bg_image_animation=\u00bbnone\u00bb][vc_row_inner column_margin=\u00bbdefault\u00bb column_direction=\u00bbdefault\u00bb column_direction_tablet=\u00bbdefault\u00bb column_direction_phone=\u00bbdefault\u00bb text_align=\u00bbleft\u00bb][vc_column_inner column_padding=\u00bbno-extra-padding\u00bb column_padding_tablet=\u00bbinherit\u00bb column_padding_phone=\u00bbinherit\u00bb column_padding_position=\u00bball\u00bb background_color_opacity=\u00bb1&#8243; background_hover_color_opacity=\u00bb1&#8243; column_shadow=\u00bbnone\u00bb column_border_radius=\u00bbnone\u00bb column_link_target=\u00bb_self\u00bb gradient_direction=\u00bbleft_to_right\u00bb overlay_strength=\u00bb0.3&#8243; width=\u00bb1\/1&#8243; tablet_width_inherit=\u00bbdefault\u00bb column_border_width=\u00bbnone\u00bb column_border_style=\u00bbsolid\u00bb bg_image_animation=\u00bbnone\u00bb enable_animation=\u00bbtrue\u00bb animation=\u00bbfade-in-from-bottom\u00bb][vc_column_text css=\u00bb.vc_custom_1595341460448{padding-right: 10% !important;}\u00bb]<strong>Marco Bricola<\/strong> (Bolonia 24\/09\/1969) obtiene la licenciatura en derecho en la \u201cUniversit\u00e0 degli Studi di Bologna\u201d en julio de 1993 y desde septiembre del mismo a\u00f1o empieza trabajar en el Bufete fundado por su padre (Prof. Franco Bricola, catedr\u00e1tico de Derecho penal).<\/p>\n<p>A partir de junio de 1994, despu\u00e9s del fallecimiento del fundador, algunos de sus colaboradores se asocian bajo la denominaci\u00f3n \u201cStudio Legale Bricola \u2013 Associazione Professionale\u201d.<\/p>\n<p>Hasta el 2001 Marco Bricola presta sus servicios como letrado especializado en derecho penal en dicho bufete.<\/p>\n<p>En abril de 2001 transfiere su actividad en Espa\u00f1a, concretamente en la Isla de Formentera y despu\u00e9s de obtener su inscripci\u00f3n en el Colegio de Abogados de las Islas Baleares como abogado colegiado en un pa\u00eds comunitario, empieza a ejercer <strong>actividad de asesoramiento legal en varios \u00e1mbitos y especialmente en el sector de las compraventas inmobiliarias<\/strong> en favor de inversores extranjeros.[\/vc_column_text][\/vc_column_inner][\/vc_row_inner][\/vc_column][vc_column column_padding=\u00bbno-extra-padding\u00bb column_padding_tablet=\u00bbinherit\u00bb column_padding_phone=\u00bbinherit\u00bb column_padding_position=\u00bball\u00bb background_color=\u00bb#707070&#8243; background_color_opacity=\u00bb1&#8243; background_hover_color_opacity=\u00bb1&#8243; column_shadow=\u00bbnone\u00bb column_border_radius=\u00bbnone\u00bb column_link_target=\u00bb_self\u00bb gradient_direction=\u00bbleft_to_right\u00bb overlay_strength=\u00bb0.3&#8243; width=\u00bb1\/2&#8243; tablet_width_inherit=\u00bbdefault\u00bb tablet_text_alignment=\u00bbdefault\u00bb phone_text_alignment=\u00bbdefault\u00bb column_border_width=\u00bbnone\u00bb column_border_style=\u00bbsolid\u00bb bg_image_animation=\u00bbnone\u00bb][image_with_animation image_url=\u00bb349&#8243; animation=\u00bbFade In\u00bb hover_animation=\u00bbnone\u00bb alignment=\u00bb\u00bb border_radius=\u00bbnone\u00bb box_shadow=\u00bbnone\u00bb image_loading=\u00bbdefault\u00bb max_width=\u00bb100%\u00bb max_width_mobile=\u00bbdefault\u00bb][\/vc_column][\/vc_row][vc_row type=\u00bbfull_width_content\u00bb full_screen_row_position=\u00bbmiddle\u00bb column_margin=\u00bbdefault\u00bb equal_height=\u00bbyes\u00bb content_placement=\u00bbmiddle\u00bb column_direction=\u00bbdefault\u00bb column_direction_tablet=\u00bbdefault\u00bb column_direction_phone=\u00bbdefault\u00bb bg_color=\u00bb#ffffff\u00bb scene_position=\u00bbcenter\u00bb text_color=\u00bbdark\u00bb text_align=\u00bbleft\u00bb row_border_radius=\u00bbnone\u00bb row_border_radius_applies=\u00bbbg\u00bb overlay_strength=\u00bb0.3&#8243; gradient_direction=\u00bbleft_to_right\u00bb shape_divider_position=\u00bbbottom\u00bb bg_image_animation=\u00bbnone\u00bb shape_type=\u00bb\u00bb][vc_column column_padding=\u00bbno-extra-padding\u00bb column_padding_tablet=\u00bbinherit\u00bb column_padding_phone=\u00bbinherit\u00bb column_padding_position=\u00bball\u00bb background_color_opacity=\u00bb1&#8243; background_hover_color_opacity=\u00bb1&#8243; background_image=\u00bb310&#8243; background_image_position=\u00bbcenter center\u00bb enable_bg_scale=\u00bbtrue\u00bb column_shadow=\u00bbnone\u00bb column_border_radius=\u00bbnone\u00bb column_link_target=\u00bb_self\u00bb gradient_direction=\u00bbleft_to_right\u00bb overlay_strength=\u00bb0.3&#8243; width=\u00bb1\/2&#8243; tablet_width_inherit=\u00bbdefault\u00bb tablet_text_alignment=\u00bbdefault\u00bb phone_text_alignment=\u00bbdefault\u00bb column_border_width=\u00bbnone\u00bb column_border_style=\u00bbsolid\u00bb bg_image_animation=\u00bbnone\u00bb offset=\u00bbvc_hidden-sm vc_hidden-xs\u00bb][\/vc_column][vc_column column_padding=\u00bbpadding-5-percent\u00bb column_padding_tablet=\u00bbinherit\u00bb column_padding_phone=\u00bbinherit\u00bb column_padding_position=\u00bball\u00bb background_color_opacity=\u00bb1&#8243; background_hover_color_opacity=\u00bb1&#8243; column_shadow=\u00bbnone\u00bb column_border_radius=\u00bbnone\u00bb column_link_target=\u00bb_self\u00bb gradient_direction=\u00bbleft_to_right\u00bb overlay_strength=\u00bb0.3&#8243; width=\u00bb1\/2&#8243; tablet_width_inherit=\u00bbdefault\u00bb tablet_text_alignment=\u00bbdefault\u00bb phone_text_alignment=\u00bbdefault\u00bb column_border_width=\u00bbnone\u00bb column_border_style=\u00bbsolid\u00bb bg_image_animation=\u00bbnone\u00bb][vc_row_inner column_margin=\u00bbdefault\u00bb column_direction=\u00bbdefault\u00bb column_direction_tablet=\u00bbdefault\u00bb column_direction_phone=\u00bbdefault\u00bb text_align=\u00bbleft\u00bb][vc_column_inner column_padding=\u00bbno-extra-padding\u00bb column_padding_tablet=\u00bbinherit\u00bb column_padding_phone=\u00bbinherit\u00bb column_padding_position=\u00bball\u00bb background_color_opacity=\u00bb1&#8243; background_hover_color_opacity=\u00bb1&#8243; column_shadow=\u00bbnone\u00bb column_border_radius=\u00bbnone\u00bb column_link_target=\u00bb_self\u00bb gradient_direction=\u00bbleft_to_right\u00bb overlay_strength=\u00bb0.3&#8243; width=\u00bb1\/1&#8243; tablet_width_inherit=\u00bbdefault\u00bb column_border_width=\u00bbnone\u00bb column_border_style=\u00bbsolid\u00bb bg_image_animation=\u00bbnone\u00bb enable_animation=\u00bbtrue\u00bb animation=\u00bbfade-in-from-bottom\u00bb][vc_column_text css=\u00bb.vc_custom_1595341491715{padding-right: 10% !important;}\u00bb]Entre 2008 y 2019 colabora con el Abogado Santiago Mari Ribas en Formentera y en Ibiza, ofreciendo servicio de asesoramiento legal y t\u00e9cnico multidisciplinar \u2013 a trav\u00e9s de colaboraciones externas con arquitectos y economistas \u2013 en el sector inmobiliario y urban\u00edstico.<\/p>\n<p>A partir del 2006 ampl\u00eda su operatividad a Mallorca y Menorca en colaboraci\u00f3n con el bufete Clar &amp; Galmes Abogados.<\/p>\n<p>En estos casi <strong>veinte a\u00f1os de experiencia<\/strong> se ha <strong>especializado en el asesoramiento legal a inversores en el sector inmobiliario<\/strong> y en el de las actividades relacionadas con el turismo y la hosteler\u00eda, en materia de urbanismo y en todas las cuestiones de derecho civil, mercantil y tributario que se originan en el \u00e1mbito de una operaci\u00f3n inmobiliaria.<\/p>\n<p>Presta su <strong>servicio de asesoramiento en castellano, italiano e ingl\u00e9s.<\/strong>[\/vc_column_text][\/vc_column_inner][\/vc_row_inner][\/vc_column][\/vc_row]\n","protected":false},"excerpt":{"rendered":"<p>[vc_row type=\u00bbfull_width_content\u00bb full_screen_row_position=\u00bbmiddle\u00bb column_margin=\u00bbdefault\u00bb equal_height=\u00bbyes\u00bb content_placement=\u00bbmiddle\u00bb column_direction=\u00bbdefault\u00bb column_direction_tablet=\u00bbdefault\u00bb column_direction_phone=\u00bbdefault\u00bb bg_color=\u00bb#ffffff\u00bb scene_position=\u00bbcenter\u00bb text_color=\u00bbdark\u00bb text_align=\u00bbleft\u00bb row_border_radius=\u00bbnone\u00bb row_border_radius_applies=\u00bbbg\u00bb overlay_strength=\u00bb0.3&#8243; gradient_direction=\u00bbleft_to_right\u00bb shape_divider_position=\u00bbbottom\u00bb bg_image_animation=\u00bbnone\u00bb shape_type=\u00bb\u00bb][vc_column column_padding=\u00bbpadding-5-percent\u00bb column_padding_tablet=\u00bbinherit\u00bb column_padding_phone=\u00bbinherit\u00bb column_padding_position=\u00bball\u00bb background_color_opacity=\u00bb1&#8243; background_hover_color_opacity=\u00bb1&#8243; column_shadow=\u00bbnone\u00bb column_border_radius=\u00bbnone\u00bb column_link_target=\u00bb_self\u00bb gradient_direction=\u00bbleft_to_right\u00bb&#8230;<\/p>\n","protected":false},"author":1,"featured_media":0,"parent":0,"menu_order":0,"comment_status":"closed","ping_status":"closed","template":"","meta":[],"yoast_head":"<!-- This site is optimized with the Yoast SEO plugin v18.7 - https:\/\/yoast.com\/wordpress\/plugins\/seo\/ -->\n<title>Marco Bricola Real Estate Lawyer \u27a4 Marco Bricola: Derecho inmobiliario<\/title>\n<meta name=\"description\" content=\"20 a\u00f1os de experiencia avalan a Marco Bricola en el asesoramiento legal a inversores del sector inmobiliario y actividades relacionadas con turismo.\" \/>\n<meta name=\"robots\" content=\"index, follow, max-snippet:-1, max-image-preview:large, max-video-preview:-1\" \/>\n<link rel=\"canonical\" href=\"https:\/\/marcobricola.com\/es\/marco-bricola-real-estate-lawyer\/\" \/>\n<meta property=\"og:locale\" content=\"es_ES\" \/>\n<meta property=\"og:type\" content=\"article\" \/>\n<meta property=\"og:title\" content=\"Marco Bricola Real Estate Lawyer \u27a4 Marco Bricola: Derecho inmobiliario\" \/>\n<meta property=\"og:description\" content=\"20 a\u00f1os de experiencia avalan a Marco Bricola en el asesoramiento legal a inversores del sector inmobiliario y actividades relacionadas con turismo.\" \/>\n<meta property=\"og:url\" content=\"https:\/\/marcobricola.com\/es\/marco-bricola-real-estate-lawyer\/\" \/>\n<meta property=\"og:site_name\" content=\"Marco Bricola\" \/>\n<meta property=\"article:modified_time\" content=\"2020-07-28T11:20:52+00:00\" \/>\n<meta name=\"twitter:card\" content=\"summary_large_image\" \/>\n<meta name=\"twitter:label1\" content=\"Tiempo de lectura\" \/>\n\t<meta name=\"twitter:data1\" content=\"5 minutos\" \/>\n<script type=\"application\/ld+json\" class=\"yoast-schema-graph\">{\"@context\":\"https:\/\/schema.org\",\"@graph\":[{\"@type\":\"WebSite\",\"@id\":\"https:\/\/marcobricola.com\/it\/#website\",\"url\":\"https:\/\/marcobricola.com\/it\/\",\"name\":\"Marco Bricola\",\"description\":\"Real Estate Lawyer en Mallorca, Ibiza, Menorca y Formentera\",\"potentialAction\":[{\"@type\":\"SearchAction\",\"target\":{\"@type\":\"EntryPoint\",\"urlTemplate\":\"https:\/\/marcobricola.com\/it\/?s={search_term_string}\"},\"query-input\":\"required name=search_term_string\"}],\"inLanguage\":\"es\"},{\"@type\":\"WebPage\",\"@id\":\"https:\/\/marcobricola.com\/es\/marco-bricola-real-estate-lawyer\/#webpage\",\"url\":\"https:\/\/marcobricola.com\/es\/marco-bricola-real-estate-lawyer\/\",\"name\":\"Marco Bricola Real Estate Lawyer \u27a4 Marco Bricola: Derecho inmobiliario\",\"isPartOf\":{\"@id\":\"https:\/\/marcobricola.com\/it\/#website\"},\"datePublished\":\"2020-05-13T17:04:44+00:00\",\"dateModified\":\"2020-07-28T11:20:52+00:00\",\"description\":\"20 a\u00f1os de experiencia avalan a Marco Bricola en el asesoramiento legal a inversores del sector inmobiliario y actividades relacionadas con turismo.\",\"breadcrumb\":{\"@id\":\"https:\/\/marcobricola.com\/es\/marco-bricola-real-estate-lawyer\/#breadcrumb\"},\"inLanguage\":\"es\",\"potentialAction\":[{\"@type\":\"ReadAction\",\"target\":[\"https:\/\/marcobricola.com\/es\/marco-bricola-real-estate-lawyer\/\"]}]},{\"@type\":\"BreadcrumbList\",\"@id\":\"https:\/\/marcobricola.com\/es\/marco-bricola-real-estate-lawyer\/#breadcrumb\",\"itemListElement\":[{\"@type\":\"ListItem\",\"position\":1,\"name\":\"Portada\",\"item\":\"https:\/\/marcobricola.com\/es\/\"},{\"@type\":\"ListItem\",\"position\":2,\"name\":\"Marco Bricola Real Estate Lawyer\"}]}]}<\/script>\n<!-- \/ Yoast SEO plugin. -->","yoast_head_json":{"title":"Marco Bricola Real Estate Lawyer \u27a4 Marco Bricola: Derecho inmobiliario","description":"20 a\u00f1os de experiencia avalan a Marco Bricola en el asesoramiento legal a inversores del sector inmobiliario y actividades relacionadas con turismo.","robots":{"index":"index","follow":"follow","max-snippet":"max-snippet:-1","max-image-preview":"max-image-preview:large","max-video-preview":"max-video-preview:-1"},"canonical":"https:\/\/marcobricola.com\/es\/marco-bricola-real-estate-lawyer\/","og_locale":"es_ES","og_type":"article","og_title":"Marco Bricola Real Estate Lawyer \u27a4 Marco Bricola: Derecho inmobiliario","og_description":"20 a\u00f1os de experiencia avalan a Marco Bricola en el asesoramiento legal a inversores del sector inmobiliario y actividades relacionadas con turismo.","og_url":"https:\/\/marcobricola.com\/es\/marco-bricola-real-estate-lawyer\/","og_site_name":"Marco Bricola","article_modified_time":"2020-07-28T11:20:52+00:00","twitter_card":"summary_large_image","twitter_misc":{"Tiempo de lectura":"5 minutos"},"schema":{"@context":"https:\/\/schema.org","@graph":[{"@type":"WebSite","@id":"https:\/\/marcobricola.com\/it\/#website","url":"https:\/\/marcobricola.com\/it\/","name":"Marco Bricola","description":"Real Estate Lawyer en Mallorca, Ibiza, Menorca y Formentera","potentialAction":[{"@type":"SearchAction","target":{"@type":"EntryPoint","urlTemplate":"https:\/\/marcobricola.com\/it\/?s={search_term_string}"},"query-input":"required name=search_term_string"}],"inLanguage":"es"},{"@type":"WebPage","@id":"https:\/\/marcobricola.com\/es\/marco-bricola-real-estate-lawyer\/#webpage","url":"https:\/\/marcobricola.com\/es\/marco-bricola-real-estate-lawyer\/","name":"Marco Bricola Real Estate Lawyer \u27a4 Marco Bricola: Derecho inmobiliario","isPartOf":{"@id":"https:\/\/marcobricola.com\/it\/#website"},"datePublished":"2020-05-13T17:04:44+00:00","dateModified":"2020-07-28T11:20:52+00:00","description":"20 a\u00f1os de experiencia avalan a Marco Bricola en el asesoramiento legal a inversores del sector inmobiliario y actividades relacionadas con turismo.","breadcrumb":{"@id":"https:\/\/marcobricola.com\/es\/marco-bricola-real-estate-lawyer\/#breadcrumb"},"inLanguage":"es","potentialAction":[{"@type":"ReadAction","target":["https:\/\/marcobricola.com\/es\/marco-bricola-real-estate-lawyer\/"]}]},{"@type":"BreadcrumbList","@id":"https:\/\/marcobricola.com\/es\/marco-bricola-real-estate-lawyer\/#breadcrumb","itemListElement":[{"@type":"ListItem","position":1,"name":"Portada","item":"https:\/\/marcobricola.com\/es\/"},{"@type":"ListItem","position":2,"name":"Marco Bricola Real Estate Lawyer"}]}]}},"_links":{"self":[{"href":"https:\/\/marcobricola.com\/es\/wp-json\/wp\/v2\/pages\/320"}],"collection":[{"href":"https:\/\/marcobricola.com\/es\/wp-json\/wp\/v2\/pages"}],"about":[{"href":"https:\/\/marcobricola.com\/es\/wp-json\/wp\/v2\/types\/page"}],"author":[{"embeddable":true,"href":"https:\/\/marcobricola.com\/es\/wp-json\/wp\/v2\/users\/1"}],"replies":[{"embeddable":true,"href":"https:\/\/marcobricola.com\/es\/wp-json\/wp\/v2\/comments?post=320"}],"version-history":[{"count":24,"href":"https:\/\/marcobricola.com\/es\/wp-json\/wp\/v2\/pages\/320\/revisions"}],"predecessor-version":[{"id":562,"href":"https:\/\/marcobricola.com\/es\/wp-json\/wp\/v2\/pages\/320\/revisions\/562"}],"wp:attachment":[{"href":"https:\/\/marcobricola.com\/es\/wp-json\/wp\/v2\/media?parent=320"}],"curies":[{"name":"wp","href":"https:\/\/api.w.org\/{rel}","templated":true}]}}